{"id":80,"date":"2024-02-21T11:58:08","date_gmt":"2024-02-21T10:58:08","guid":{"rendered":"https:\/\/browserzocken.de\/?page_id=80"},"modified":"2024-02-22T11:26:44","modified_gmt":"2024-02-22T10:26:44","slug":"kontakt","status":"publish","type":"page","link":"https:\/\/browserzocken.de\/pl\/kontakt\/","title":{"rendered":"kontakt"},"content":{"rendered":"\t\t<div data-elementor-type=\"wp-page\" data-elementor-id=\"80\" class=\"elementor elementor-80\" data-elementor-post-type=\"page\">\n\t\t\t\t<div class=\"elementor-element elementor-element-f82a550 e-flex e-con-boxed e-con e-parent\" data-id=\"f82a550\" data-element_type=\"container\" data-e-type=\"container\">\n\t\t\t\t\t<div class=\"e-con-inner\">\n\t\t\t\t<div class=\"elementor-element elementor-element-63641d7 elementor-widget elementor-widget-heading\" data-id=\"63641d7\" data-element_type=\"widget\" data-e-type=\"widget\" data-widget_type=\"heading.default\">\n\t\t\t\t<div class=\"elementor-widget-container\">\n\t\t\t\t\t<h2 class=\"elementor-heading-title elementor-size-default\">Browserzocken Casino - Kontaktformular<\/h2>\t\t\t\t<\/div>\n\t\t\t\t<\/div>\n\t\t\t\t<div class=\"elementor-element elementor-element-f4d136b elementor-widget elementor-widget-text-editor\" data-id=\"f4d136b\" data-element_type=\"widget\" data-e-type=\"widget\" data-widget_type=\"text-editor.default\">\n\t\t\t\t<div class=\"elementor-widget-container\">\n\t\t\t\t\t\t\t\t\t<p><strong>Kontaktiere uns auf Browserzocken.de<\/strong><\/p><p>Hallo und herzlich willkommen auf Browserzocken.de! Dein Interesse an unserem Angebot freut uns sehr. Wenn du Fragen hast, mehr Informationen ben\u00f6tigst oder einfach nur Feedback hinterlassen m\u00f6chtest, bist du hier genau richtig. Unser Kontaktformular ist der direkte Draht zu uns, und wir sind immer bereit, dir zu helfen oder deine Anregungen entgegenzunehmen.<\/p><p><strong>Zusammenarbeit und Partnerschaften<\/strong><\/p><p>Neben individuellen Anfragen sind wir auf Browserzocken.de auch stets auf der Suche nach spannenden Kooperationsm\u00f6glichkeiten. Ob du ein Entwickler bist, der sein neuestes Spiel vorstellen m\u00f6chte, ein Content Creator auf der Suche nach interessanten Projekten oder ein Unternehmen, das sich eine Partnerschaft vorstellen kann \u2013 wir sind offen f\u00fcr vielf\u00e4ltige Formen der Zusammenarbeit. Teile uns deine Ideen mit, und lasst uns gemeinsam M\u00f6glichkeiten entdecken, wie wir zusammenarbeiten k\u00f6nnen, um die Welt der Browsergames noch spannender zu gestalten.<\/p><p><strong>Wir freuen uns auf deine Nachricht!<\/strong><\/p><p>Nutze einfach das untenstehende Formular, um uns zu erreichen. Gib bitte deinen Namen, deine E-Mail-Adresse und dein Anliegen so detailliert wie m\u00f6glich an, damit wir dir schnell und effizient weiterhelfen k\u00f6nnen. Wir bem\u00fchen uns, alle Anfragen zeitnah zu beantworten und freuen uns darauf, von dir zu h\u00f6ren.<\/p>\t\t\t\t\t\t\t\t<\/div>\n\t\t\t\t<\/div>\n\t\t\t\t<div class=\"elementor-element elementor-element-21aa9d9 elementor-button-align-stretch elementor-widget elementor-widget-form\" data-id=\"21aa9d9\" data-element_type=\"widget\" data-e-type=\"widget\" data-settings=\"{&quot;step_next_label&quot;:&quot;Next&quot;,&quot;step_previous_label&quot;:&quot;Previous&quot;,&quot;button_width&quot;:&quot;100&quot;,&quot;step_type&quot;:&quot;number_text&quot;,&quot;step_icon_shape&quot;:&quot;circle&quot;}\" data-widget_type=\"form.default\">\n\t\t\t\t<div class=\"elementor-widget-container\">\n\t\t\t\t\t\t\t<form class=\"elementor-form\" method=\"post\" name=\"New Form\">\n\t\t\t<input type=\"hidden\" name=\"post_id\" value=\"80\"\/>\n\t\t\t<input type=\"hidden\" name=\"form_id\" value=\"21aa9d9\"\/>\n\t\t\t<input type=\"hidden\" name=\"referer_title\" value=\"Kontakt - Browserzocken.de\" \/>\n\n\t\t\t\t\t\t\t<input type=\"hidden\" name=\"queried_id\" value=\"80\"\/>\n\t\t\t\n\t\t\t<div class=\"elementor-form-fields-wrapper elementor-labels-above\">\n\t\t\t\t\t\t\t\t<div class=\"elementor-field-type-text elementor-field-group elementor-column elementor-field-group-name elementor-col-100 elementor-field-required\">\n\t\t\t\t\t\t\t\t\t\t\t\t\t<input size=\"1\" type=\"text\" name=\"form_fields[name]\" id=\"form-field-name\" class=\"elementor-field elementor-size-sm  elementor-field-textual\" placeholder=\"Name\" required=\"required\">\n\t\t\t\t\t\t\t\t\t\t\t<\/div>\n\t\t\t\t\t\t\t\t<div class=\"elementor-field-type-email elementor-field-group elementor-column elementor-field-group-email elementor-col-100 elementor-field-required\">\n\t\t\t\t\t\t\t\t\t\t\t\t\t<input size=\"1\" type=\"email\" name=\"form_fields[email]\" id=\"form-field-email\" class=\"elementor-field elementor-size-sm  elementor-field-textual\" placeholder=\"E-Mail\" required=\"required\">\n\t\t\t\t\t\t\t\t\t\t\t<\/div>\n\t\t\t\t\t\t\t\t<div class=\"elementor-field-type-textarea elementor-field-group elementor-column elementor-field-group-message elementor-col-100 elementor-field-required\">\n\t\t\t\t\t<textarea class=\"elementor-field-textual elementor-field  elementor-size-sm\" name=\"form_fields[message]\" id=\"form-field-message\" rows=\"4\" placeholder=\"Nachricht\" required=\"required\"><\/textarea>\t\t\t\t<\/div>\n\t\t\t\t\t\t\t\t<div class=\"elementor-field-type-acceptance elementor-field-group elementor-column elementor-field-group-field_26285c4 elementor-col-100 elementor-field-required\">\n\t\t\t\t\t\t\t<div class=\"elementor-field-subgroup\">\n\t\t\t<span class=\"elementor-field-option\">\n\t\t\t\t<input type=\"checkbox\" name=\"form_fields[field_26285c4]\" id=\"form-field-field_26285c4\" class=\"elementor-field elementor-size-sm  elementor-acceptance-field\" required=\"required\">\n\t\t\t\t<label for=\"form-field-field_26285c4\">Ich willige in die Datenverarbeitung gem\u00e4\u00df der <a href=\"\/datenschutzerkl\u00e4erung\/\">Datenschutzerkl\u00e4rung<\/a> ein.<\/label>\t\t\t<\/span>\n\t\t<\/div>\n\t\t\t\t\t\t<\/div>\n\t\t\t\t\t\t\t\t<div class=\"elementor-field-type-recaptcha_v3 elementor-field-group elementor-column elementor-field-group-field_167f4a8 elementor-col-100 recaptcha_v3-inline\">\n\t\t\t\t\t<div class=\"elementor-field\" id=\"form-field-field_167f4a8\"><div class=\"elementor-g-recaptcha\" data-sitekey=\"6Lf7uXspAAAAAGh_Tma5rvpzoDCJM5ClV_WTeJX0\" data-type=\"v3\" data-action=\"Form\" data-badge=\"inline\" data-size=\"invisible\"><\/div><\/div>\t\t\t\t<\/div>\n\t\t\t\t\t\t\t\t<div class=\"elementor-field-group elementor-column elementor-field-type-submit elementor-col-100 e-form__buttons\">\n\t\t\t\t\t<button class=\"elementor-button elementor-size-sm\" type=\"submit\">\n\t\t\t\t\t\t<span class=\"elementor-button-content-wrapper\">\n\t\t\t\t\t\t\t\t\t\t\t\t\t\t\t\t\t\t\t\t\t\t<span class=\"elementor-button-text\">Senden<\/span>\n\t\t\t\t\t\t\t\t\t\t\t\t\t<\/span>\n\t\t\t\t\t<\/button>\n\t\t\t\t<\/div>\n\t\t\t<\/div>\n\t\t<\/form>\n\t\t\t\t\t\t<\/div>\n\t\t\t\t<\/div>\n\t\t\t\t\t<\/div>\n\t\t\t\t<\/div>\n\t\t\t\t<\/div>\n\t\t","protected":false},"excerpt":{"rendered":"<p>Browserzocken Casino &#8211; Kontaktformular Kontaktiere uns auf Browserzocken.de Hallo und herzlich willkommen auf Browserzocken.de! Dein Interesse an unserem Angebot freut uns sehr. Wenn du Fragen hast, mehr Informationen ben\u00f6tigst oder einfach nur Feedback hinterlassen m\u00f6chtest, bist du hier genau richtig. Unser Kontaktformular ist der direkte Draht zu uns, und wir sind immer bereit, dir zu [&hellip;]<\/p>\n","protected":false},"author":1,"featured_media":0,"parent":0,"menu_order":0,"comment_status":"closed","ping_status":"closed","template":"","meta":{"footnotes":""},"class_list":["post-80","page","type-page","status-publish","hentry"],"_links":{"self":[{"href":"https:\/\/browserzocken.de\/pl\/wp-json\/wp\/v2\/pages\/80","targetHints":{"allow":["GET"]}}],"collection":[{"href":"https:\/\/browserzocken.de\/pl\/wp-json\/wp\/v2\/pages"}],"about":[{"href":"https:\/\/browserzocken.de\/pl\/wp-json\/wp\/v2\/types\/page"}],"author":[{"embeddable":true,"href":"https:\/\/browserzocken.de\/pl\/wp-json\/wp\/v2\/users\/1"}],"replies":[{"embeddable":true,"href":"https:\/\/browserzocken.de\/pl\/wp-json\/wp\/v2\/comments?post=80"}],"version-history":[{"count":20,"href":"https:\/\/browserzocken.de\/pl\/wp-json\/wp\/v2\/pages\/80\/revisions"}],"predecessor-version":[{"id":329,"href":"https:\/\/browserzocken.de\/pl\/wp-json\/wp\/v2\/pages\/80\/revisions\/329"}],"wp:attachment":[{"href":"https:\/\/browserzocken.de\/pl\/wp-json\/wp\/v2\/media?parent=80"}],"curies":[{"name":"wp","href":"https:\/\/api.w.org\/{rel}","templated":true}]}}