{"id":334,"date":"2024-02-22T10:21:15","date_gmt":"2024-02-22T09:21:15","guid":{"rendered":"https:\/\/browserzocken.de\/cookie-richtlinie-eu\/"},"modified":"2024-02-22T11:29:56","modified_gmt":"2024-02-22T10:29:56","slug":"cookie-richtlinie-eu","status":"publish","type":"page","link":"https:\/\/browserzocken.de\/pl\/polityka-ciasteczek-eu\/","title":{"rendered":"Dyrektywa w sprawie plik\u00f3w cookie (UE)"},"content":{"rendered":"<!-- Legal document generated by Complianz | GDPR\/CCPA Cookie Consent https:\/\/wordpress.org\/plugins\/complianz-gdpr -->\n<div id=\"cmplz-document\" class=\"cmplz-document cookie-statement cmplz-document-eu\"><p><i>Do zg\u0142osze\u0144 dotycz\u0105cych plik\u00f3w cookie dosz\u0142o ostatnio aktualizowane 22 lutego 2024 r. i dotyczy oraz legalnych mieszka\u0144c\u00f3w rezydent\u00f3w europejskich Obszaru Gospodarczego i Szwajcarskiego.<\/i><br><\/p><h2>1. Wprowadzenie<\/h2><p>Nasza strona internetowa, <a href=\"https:\/\/browserzocken.de\/pl\">https:\/\/browserzocken.de\/pl<\/a> (lub \u201estrona internetowa\u201d) korzystanie z plik\u00f3w cookie i innych technologii identyfikuj\u0105cych (we wszystkich technologiach s\u0105 one oznaczone jako \u201epliki cookie\u201d). Pliki cookie s\u0105 przechowywane w Twojej przegl\u0105darce, poniewa\u017c s\u0105 niezb\u0119dne do dzia\u0142ania podstawowych funkcji. W tym dokumencie informujemy o stosowaniu plik\u00f3w cookies na naszej stronie internetowej.<\/p><h2>2. Co powiesz na kanapk\u0119?<\/h2><p>Pliki cookie umo\u017cliwiaj\u0105 automatyczn\u0105 aktywacj\u0119 plik\u00f3w cookie za pomoc\u0105 tej funkcji i zapobiegaj\u0105 niepotrzebnemu przegl\u0105daniu Internetu na komputerze lub innym urz\u0105dzeniu. Informacje o niedost\u0119pnych zasobach mog\u0105 by\u0107 przekazywane na nasze serwery lub na \u0142\u0105cza odbiorcze serwera, cho\u0107 nie zawsze tak jest.<\/p><h2>3. Jak wygl\u0105daj\u0105 te skrypty?<\/h2><p>Skrypt s\u0142u\u017c\u0105cy do fragmentacji kodu programu, kt\u00f3ry umo\u017cliwia rzeczywiste i interaktywne dzia\u0142anie naszej strony internetowej. Kod ten jest wy\u015bwietlany na naszym serwerze lub na osobnym ekranie.<\/p><h2>4. Czym jest znacznik pikselowy?<\/h2><p>Sygna\u0142 nawigacyjny (lub sygna\u0142 pikselowy) to ma\u0142y, nierozpoznawalny fragment tekstu lub obrazu na stronie internetowej, kt\u00f3ry umo\u017cliwia monitorowanie przegl\u0105dania witryny. Co gorsza, wiele witryn internetowych powsta\u0142o z wykorzystaniem sygna\u0142\u00f3w nawigacyjnych.<\/p><h2>5. Ciasteczka<\/h2><p class=\"cmplz-subtitle\">5.1 Specyfikacje techniczne lub funkcjonalne<\/p><p>Polityka plik\u00f3w cookie oznacza, \u017ce mo\u017cna zrealizowa\u0107 uzasadniony interes w korzystaniu z plik\u00f3w cookie stron trzecich i preferencji u\u017cytkownika. U\u017cywamy plik\u00f3w cookie funkcjonalnych, aby umo\u017cliwi\u0107 przegl\u0105danie naszej strony internetowej. Dzi\u0119ki temu nie musisz szczeg\u00f3\u0142owo monitorowa\u0107 informacji udost\u0119pnianych przez nasz\u0105 stron\u0119 internetow\u0105, wr\u0119cz przeciwnie \u2013 informacje zawarte w pliku cookie b\u0119d\u0105 niedok\u0142adne i nie b\u0119d\u0105 mia\u0142y wp\u0142ywu na korzystanie z witryny. Mo\u017cemy usun\u0105\u0107 pliki cookie bez Twojej zgody.<\/p><p class=\"cmplz-subtitle\">5.2 Pliki cookie marketingowe \/ pliki cookie osobiste<\/p><p>Pliki marketingowe\/cookies to pliki cookie (lub inne formy pami\u0119ci lokalnej) wykorzystywane do tworzenia profilu u\u017cytkownika w celu wy\u015bwietlania reklam lub wy\u015bwietlania tego u\u017cytkownika na tej stronie internetowej lub w podobnych kana\u0142ach marketingowych. <\/p><h2>6. Ustawienia plik\u00f3w cookie<\/h2><div id=\"cmplz-cookies-overview\"><details class=\"cmplz-dropdown cmplz-service-desc cmplz-dropdown-cookiepolicy\">\n\t<summary class=\"cmplz-service-header\"><div>\n\t\t<h3>Elementor<\/h3>\n\t\t<p>Statystyki (anonimowe)<\/p>\n\t\t<label for=\"cmplz_service_elementor\" class=\"cmplz_consent_per_service_label\"><span class=\"screen-reader-text\">Zgoda na obs\u0142ug\u0119 Elementora<\/span><\/label>\n\t\t<input type=\"checkbox\" id=\"cmplz_service_elementor\" class=\"cmplz-accept-service cmplz-hidden\" data-service=\"elementor\" data-category=\"functional\"><\/div>\n\t<\/summary>\n\t<div class=\"cmplz-service-description\">\n\t\t<h4>U\u017cywa\u0107<\/h4>\n\t\t<p><\/p>\n\t<\/div>\n\t<div class=\"cmplz-sharing-data\">\n\t\t<h4>Zbieranie danych<\/h4>\n\t\t<p>Dane te nigdy nie s\u0105 dost\u0119pne.<\/p>\n\t<\/div>\n\t<div class=\"cookies-per-purpose\">\n    <div class=\"purpose\"><h4>Statystyki (anonimowe)<\/h4><\/div>\n    <div class=\"name-header\">\n\t<h5>Nazwa<\/h5>\n<\/div>\n<div class=\"name\"><a target=\"_blank\" rel=\"noopener noreferrer nofollow\" href=\"https:\/\/cookiedatabase.org\/cookie\/unknown-service\/elementor\/\">elementarz<\/a><\/div>\n<div class=\"retention-header\">\n\t<h5>Wygaszanie<\/h5>\n<\/div>\n<div class=\"retention\">uporczywy<\/div>\n<div class=\"function-header\">\n\t<h5>Funkcjonowa\u0107<\/h5>\n<\/div>\n<div class=\"function\">Przechowuj wykonane dzia\u0142ania na stronie internetowej<\/div>\n\n<\/div>\n<\/details>\n<details class=\"cmplz-dropdown cmplz-service-desc cmplz-dropdown-cookiepolicy\">\n\t<summary class=\"cmplz-service-header\"><div>\n\t\t<h3>WordPress<\/h3>\n\t\t<p>Funkcjonalny<\/p>\n\t\t<label for=\"cmplz_service_wordpress\" class=\"cmplz_consent_per_service_label\"><span class=\"screen-reader-text\">Zgoda na obs\u0142ug\u0119 WordPressa<\/span><\/label>\n\t\t<input type=\"checkbox\" id=\"cmplz_service_wordpress\" class=\"cmplz-accept-service cmplz-hidden\" data-service=\"wordpress\" data-category=\"functional\"><\/div>\n\t<\/summary>\n\t<div class=\"cmplz-service-description\">\n\t\t<h4>U\u017cywa\u0107<\/h4>\n\t\t<p><\/p>\n\t<\/div>\n\t<div class=\"cmplz-sharing-data\">\n\t\t<h4>Zbieranie danych<\/h4>\n\t\t<p>Dane te nigdy nie s\u0105 dost\u0119pne.<\/p>\n\t<\/div>\n\t<div class=\"cookies-per-purpose\">\n    <div class=\"purpose\"><h4>Funkcjonalny<\/h4><\/div>\n    <div class=\"name-header\">\n\t<h5>Nazwa<\/h5>\n<\/div>\n<div class=\"name\"><a target=\"_blank\" rel=\"noopener noreferrer nofollow\" href=\"https:\/\/cookiedatabase.org\/cookie\/unknown-service\/wpemojisettingssupports\/\">wpEmojiSettingsObs\u0142uguje<\/a><\/div>\n<div class=\"retention-header\">\n\t<h5>Wygaszanie<\/h5>\n<\/div>\n<div class=\"retention\">sesja<\/div>\n<div class=\"function-header\">\n\t<h5>Funkcjonowa\u0107<\/h5>\n<\/div>\n<div class=\"function\">Przechowuj szczeg\u00f3\u0142y przegl\u0105darki<\/div>\n<div class=\"name-header\">\n\t<h5>Nazwa<\/h5>\n<\/div>\n<div class=\"name\"><a target=\"_blank\" rel=\"noopener noreferrer nofollow\" href=\"https:\/\/cookiedatabase.org\/cookie\/unknown-service\/wp-settings-time\/\">wp-settings-time-*<\/a><\/div>\n<div class=\"retention-header\">\n\t<h5>Wygaszanie<\/h5>\n<\/div>\n<div class=\"retention\">1 rok<\/div>\n<div class=\"function-header\">\n\t<h5>Funkcjonowa\u0107<\/h5>\n<\/div>\n<div class=\"function\">Przechowuj preferencje u\u017cytkownika<\/div>\n<div class=\"name-header\">\n\t<h5>Nazwa<\/h5>\n<\/div>\n<div class=\"name\"><a target=\"_blank\" rel=\"noopener noreferrer nofollow\" href=\"https:\/\/cookiedatabase.org\/cookie\/unknown-service\/wp-settings\/\">wp-ustawienia-*<\/a><\/div>\n<div class=\"retention-header\">\n\t<h5>Wygaszanie<\/h5>\n<\/div>\n<div class=\"retention\">uporczywy<\/div>\n<div class=\"function-header\">\n\t<h5>Funkcjonowa\u0107<\/h5>\n<\/div>\n<div class=\"function\">Przechowuj preferencje u\u017cytkownika<\/div>\n<div class=\"name-header\">\n\t<h5>Nazwa<\/h5>\n<\/div>\n<div class=\"name\"><a target=\"_blank\" rel=\"noopener noreferrer nofollow\" href=\"https:\/\/cookiedatabase.org\/cookie\/unknown-service\/wordpress_test_cookie\/\">plik cookie testowy wordpressa<\/a><\/div>\n<div class=\"retention-header\">\n\t<h5>Wygaszanie<\/h5>\n<\/div>\n<div class=\"retention\">sesja<\/div>\n<div class=\"function-header\">\n\t<h5>Funkcjonowa\u0107<\/h5>\n<\/div>\n<div class=\"function\">Przeczytaj, czy mo\u017cna umieszcza\u0107 pliki cookie<\/div>\n<div class=\"name-header\">\n\t<h5>Nazwa<\/h5>\n<\/div>\n<div class=\"name\"><a target=\"_blank\" rel=\"noopener noreferrer nofollow\" href=\"https:\/\/cookiedatabase.org\/cookie\/unknown-service\/wordpress_logged_in_\/\">wordpress_zalogowany_*<\/a><\/div>\n<div class=\"retention-header\">\n\t<h5>Wygaszanie<\/h5>\n<\/div>\n<div class=\"retention\">uporczywy<\/div>\n<div class=\"function-header\">\n\t<h5>Funkcjonowa\u0107<\/h5>\n<\/div>\n<div class=\"function\">Przechowuj zalogowanych u\u017cytkownik\u00f3w<\/div>\n\n<\/div>\n<\/details>\n<details class=\"cmplz-dropdown cmplz-service-desc cmplz-dropdown-cookiepolicy\">\n\t<summary class=\"cmplz-service-header\"><div>\n\t\t<h3>Zgodno\u015b\u0107<\/h3>\n\t\t<p>Funkcjonalny<\/p>\n\t\t<label for=\"cmplz_service_complianz\" class=\"cmplz_consent_per_service_label\"><span class=\"screen-reader-text\">Zgoda na zgodno\u015b\u0107 z us\u0142ug\u0105<\/span><\/label>\n\t\t<input type=\"checkbox\" id=\"cmplz_service_complianz\" class=\"cmplz-accept-service cmplz-hidden\" data-service=\"complianz\" data-category=\"functional\"><\/div>\n\t<\/summary>\n\t<div class=\"cmplz-service-description\">\n\t\t<h4>U\u017cywa\u0107<\/h4>\n\t\t<p><\/p>\n\t<\/div>\n\t<div class=\"cmplz-sharing-data\">\n\t\t<h4>Zbieranie danych<\/h4>\n\t\t<p>Dane te nigdy nie s\u0105 dost\u0119pne. Aby uzyska\u0107 wi\u0119cej informacji, przeczytaj <a target=\"_blank\" rel=\"noopener noreferrer\" href=\"https:\/\/complianz.io\/legal\/privacy-statement\/\">O\u015bwiadczenie o ochronie prywatno\u015bci<\/a>.<\/p>\n\t<\/div>\n\t<div class=\"cookies-per-purpose\">\n    <div class=\"purpose\"><h4>Funkcjonalny<\/h4><\/div>\n    <div class=\"name-header\">\n\t<h5>Nazwa<\/h5>\n<\/div>\n<div class=\"name\"><a target=\"_blank\" rel=\"noopener noreferrer nofollow\" href=\"https:\/\/cookiedatabase.org\/cookie\/unknown-service\/cmplz_consented_services\/\">cmplz_consented_services<\/a><\/div>\n<div class=\"retention-header\">\n\t<h5>Wygaszanie<\/h5>\n<\/div>\n<div class=\"retention\">365 dni<\/div>\n<div class=\"function-header\">\n\t<h5>Funkcjonowa\u0107<\/h5>\n<\/div>\n<div class=\"function\">Przechowuj preferencje dotycz\u0105ce zgody na pliki cookie<\/div>\n<div class=\"name-header\">\n\t<h5>Nazwa<\/h5>\n<\/div>\n<div class=\"name\"><a target=\"_blank\" rel=\"noopener noreferrer nofollow\" href=\"https:\/\/cookiedatabase.org\/cookie\/unknown-service\/cmplz_policy_id\/\">identyfikator_polityki_cmplz<\/a><\/div>\n<div class=\"retention-header\">\n\t<h5>Wygaszanie<\/h5>\n<\/div>\n<div class=\"retention\">365 dni<\/div>\n<div class=\"function-header\">\n\t<h5>Funkcjonowa\u0107<\/h5>\n<\/div>\n<div class=\"function\">Przechowuj zaakceptowany identyfikator polityki plik\u00f3w cookie<\/div>\n<div class=\"name-header\">\n\t<h5>Nazwa<\/h5>\n<\/div>\n<div class=\"name\"><a target=\"_blank\" rel=\"noopener noreferrer nofollow\" href=\"https:\/\/cookiedatabase.org\/cookie\/unknown-service\/cmplz_marketing\/\">cmplz_marketing<\/a><\/div>\n<div class=\"retention-header\">\n\t<h5>Wygaszanie<\/h5>\n<\/div>\n<div class=\"retention\">365 dni<\/div>\n<div class=\"function-header\">\n\t<h5>Funkcjonowa\u0107<\/h5>\n<\/div>\n<div class=\"function\">Przechowuj preferencje dotycz\u0105ce zgody na pliki cookie<\/div>\n<div class=\"name-header\">\n\t<h5>Nazwa<\/h5>\n<\/div>\n<div class=\"name\"><a target=\"_blank\" rel=\"noopener noreferrer nofollow\" href=\"https:\/\/cookiedatabase.org\/cookie\/unknown-service\/cmplz_statistics\/\">statystyki cmplz<\/a><\/div>\n<div class=\"retention-header\">\n\t<h5>Wygaszanie<\/h5>\n<\/div>\n<div class=\"retention\">365 dni<\/div>\n<div class=\"function-header\">\n\t<h5>Funkcjonowa\u0107<\/h5>\n<\/div>\n<div class=\"function\">Przechowuj preferencje dotycz\u0105ce zgody na pliki cookie<\/div>\n<div class=\"name-header\">\n\t<h5>Nazwa<\/h5>\n<\/div>\n<div class=\"name\"><a target=\"_blank\" rel=\"noopener noreferrer nofollow\" href=\"https:\/\/cookiedatabase.org\/cookie\/unknown-service\/cmplz_preferences\/\">preferencje_cmplz<\/a><\/div>\n<div class=\"retention-header\">\n\t<h5>Wygaszanie<\/h5>\n<\/div>\n<div class=\"retention\">365 dni<\/div>\n<div class=\"function-header\">\n\t<h5>Funkcjonowa\u0107<\/h5>\n<\/div>\n<div class=\"function\">Przechowuj preferencje dotycz\u0105ce zgody na pliki cookie<\/div>\n<div class=\"name-header\">\n\t<h5>Nazwa<\/h5>\n<\/div>\n<div class=\"name\"><a target=\"_blank\" rel=\"noopener noreferrer nofollow\" href=\"https:\/\/cookiedatabase.org\/cookie\/unknown-service\/cmplz_functional\/\">cmplz_funkcjonalny<\/a><\/div>\n<div class=\"retention-header\">\n\t<h5>Wygaszanie<\/h5>\n<\/div>\n<div class=\"retention\">365 dni<\/div>\n<div class=\"function-header\">\n\t<h5>Funkcjonowa\u0107<\/h5>\n<\/div>\n<div class=\"function\">Przechowuj preferencje dotycz\u0105ce zgody na pliki cookie<\/div>\n<div class=\"name-header\">\n\t<h5>Nazwa<\/h5>\n<\/div>\n<div class=\"name\"><a target=\"_blank\" rel=\"noopener noreferrer nofollow\" href=\"https:\/\/cookiedatabase.org\/cookie\/unknown-service\/cmplz_banner-status\/\">cmplz_banner-status<\/a><\/div>\n<div class=\"retention-header\">\n\t<h5>Wygaszanie<\/h5>\n<\/div>\n<div class=\"retention\">365 dni<\/div>\n<div class=\"function-header\">\n\t<h5>Funkcjonowa\u0107<\/h5>\n<\/div>\n<div class=\"function\">Przechowuj, je\u015bli baner dotycz\u0105cy plik\u00f3w cookie zosta\u0142 zamkni\u0119ty<\/div>\n\n<\/div>\n<\/details>\n<details class=\"cmplz-dropdown cmplz-service-desc cmplz-dropdown-cookiepolicy\">\n\t<summary class=\"cmplz-service-header\"><div>\n\t\t<h3>R\u00f3\u017ca<\/h3>\n\t\t<p>Kom\u00f3rka w formie rozrostu<\/p>\n\t\t<label for=\"cmplz_service_r\u00f3\u017cne\" class=\"cmplz_consent_per_service_label\"><span class=\"screen-reader-text\">Zgoda na obs\u0142ug\u0119 koloru czerwonego<\/span><\/label>\n\t\t<input type=\"checkbox\" id=\"cmplz_service_r\u00f3\u017cne\" class=\"cmplz-accept-service cmplz-hidden\" data-service=\"r\u00f3\u017cne\" data-category=\"functional\"><\/div>\n\t<\/summary>\n\t<div class=\"cmplz-service-description\">\n\t\t<h4>U\u017cywa\u0107<\/h4>\n\t\t<p><\/p>\n\t<\/div>\n\t<div class=\"cmplz-sharing-data\">\n\t\t<h4>Zbieranie danych<\/h4>\n\t\t<p>Udost\u0119pnianie danych otrzymywanych na Dochodzenie<\/p>\n\t<\/div>\n\t<div class=\"cookies-per-purpose\">\n    <div class=\"purpose\"><h4>Kom\u00f3rka w formie rozrostu<\/h4><\/div>\n    <div class=\"name-header\">\n\t<h5>Nazwa<\/h5>\n<\/div>\n<div class=\"name\">WP_PREFERENCES_USER_1<\/div>\n<div class=\"retention-header\">\n\t<h5>Wygaszanie<\/h5>\n<\/div>\n<div class=\"retention\"><\/div>\n<div class=\"function-header\">\n\t<h5>Funkcjonowa\u0107<\/h5>\n<\/div>\n<div class=\"function\"><\/div>\n<div class=\"name-header\">\n\t<h5>Nazwa<\/h5>\n<\/div>\n<div class=\"name\">WP_DATA_USER_1<\/div>\n<div class=\"retention-header\">\n\t<h5>Wygaszanie<\/h5>\n<\/div>\n<div class=\"retention\"><\/div>\n<div class=\"function-header\">\n\t<h5>Funkcjonowa\u0107<\/h5>\n<\/div>\n<div class=\"function\"><\/div>\n<div class=\"name-header\">\n\t<h5>Nazwa<\/h5>\n<\/div>\n<div class=\"name\">dane bis<\/div>\n<div class=\"retention-header\">\n\t<h5>Wygaszanie<\/h5>\n<\/div>\n<div class=\"retention\"><\/div>\n<div class=\"function-header\">\n\t<h5>Funkcjonowa\u0107<\/h5>\n<\/div>\n<div class=\"function\"><\/div>\n<div class=\"name-header\">\n\t<h5>Nazwa<\/h5>\n<\/div>\n<div class=\"name\">_ga<\/div>\n<div class=\"retention-header\">\n\t<h5>Wygaszanie<\/h5>\n<\/div>\n<div class=\"retention\"><\/div>\n<div class=\"function-header\">\n\t<h5>Funkcjonowa\u0107<\/h5>\n<\/div>\n<div class=\"function\"><\/div>\n<div class=\"name-header\">\n\t<h5>Nazwa<\/h5>\n<\/div>\n<div class=\"name\">_ga_5TFS8M5TTY<\/div>\n<div class=\"retention-header\">\n\t<h5>Wygaszanie<\/h5>\n<\/div>\n<div class=\"retention\"><\/div>\n<div class=\"function-header\">\n\t<h5>Funkcjonowa\u0107<\/h5>\n<\/div>\n<div class=\"function\"><\/div>\n\n<\/div>\n<\/details>\n<\/div><h2>7. Zgoda<\/h2><p>Informujemy, \u017ce na nasz\u0105 stron\u0119 w\u0142\u0105czono obs\u0142ug\u0119 plik\u00f3w cookies. Klikaj\u0105c \u201eZapisz preferencje\u201d, wyra\u017casz zgod\u0119 na korzystanie z naszych ustawie\u0144 plik\u00f3w cookie i nasz\u0105 polityk\u0119 dotycz\u0105c\u0105 plik\u00f3w cookie. Ustawienia plik\u00f3w cookie mog\u0105 umo\u017cliwia\u0107 automatyczne usuwanie plik\u00f3w cookie, pami\u0119taj jednak, \u017ce nasza witryna mo\u017ce nie by\u0107 w stanie przetworzy\u0107 Twoich ustawie\u0144 plik\u00f3w cookie.<\/p><p class=\"cmplz-subtitle\">7.1 Ustaw ustawienia plik\u00f3w cookie<\/p><div id=\"cmplz-manage-consent-container-nojavascript\">Za\u0142adowa\u0142e\u015b pliki cookie bez obs\u0142ugi javascript. Na AMP mo\u017cna zastosowa\u0107 narz\u0119dzie administracyjne, kt\u00f3re znajduje si\u0119 na dole strony.<\/div><div id=\"cmplz-manage-consent-container\" class=\"cmplz-manage-consent-container\"><\/div><h2>8. Aktywacja\/dezaktywacja i usuwanie plik\u00f3w cookie<\/h2><p>Pliki cookie mo\u017cna usuwa\u0107 automatycznie lub losowo za pomoc\u0105 przegl\u0105darki internetowej. Mo\u017cesz wyrazi\u0107 zgod\u0119, \u017ce ustawienia plik\u00f3w cookie mog\u0105 by\u0107 niefunkcjonalnie akceptowalne. Opcja ta ma na celu zablokowanie komunikacji z dowolnego urz\u0105dzenia, co pozwala na korzystanie z plik\u00f3w cookie uznanych za niezb\u0119dne. Aby uzyska\u0107 wi\u0119cej informacji na temat tych opcji, skorzystaj z instrukcji w sekcji Pomoc.<\/p><p>Nale\u017cy pami\u0119ta\u0107, \u017ce nasza strona internetowa nie otworzy si\u0119 automatycznie, dop\u00f3ki nie zostan\u0105 usuni\u0119te wszystkie pliki cookie. Je\u015bli usuniesz pliki cookie ze swojej przegl\u0105darki, zapewnimy Ci spersonalizowan\u0105 obs\u0142ug\u0119, dziel\u0105c si\u0119 Twoimi preferencjami i powtarzaj\u0105c wizyty na naszych stronach internetowych.<\/p><h2>9. Dwa prawa w zakresie przetwarzania danych osobowych<\/h2><p>Wi\u0119kszo\u015b\u0107 os\u00f3b, kt\u00f3rych dane dotycz\u0105, ma prawo do otrzymania nast\u0119puj\u0105cych informacji:<\/p><ul>\n                    <li>Szczerze m\u00f3wi\u0105c, dwie osoby czuj\u0105 si\u0119 lepiej, gdy stoj\u0105 w pewnej odleg\u0142o\u015bci, ni\u017c gdy mog\u0105 widzie\u0107 wszystko na w\u0142asne oczy.<\/li>\n                    <li>Prawo dost\u0119pu: prawo do ujawniania danych osobowych osobom trzecim.<\/li>\n                    <li>Prawo do informacji: prawo do informacji, ujawnienia, usuni\u0119cia lub zablokowania danych osobowych w dowolnym momencie.<\/li>\n                    <li>Je\u017celi roszczenie zostanie z\u0142o\u017cone po ujawnieniu obu danych, mo\u017cna skorzysta\u0107 z prawa do wycofania roszczenia i usuni\u0119cia obu danych.<\/li>\n                    <li>Prawo do ujawnienia danych: Wy\u0142\u0105czne prawo do ujawnienia administratorowi wszystkich danych osoby zainteresowanej oraz do ujawnienia ich w spos\u00f3b w\u0142a\u015bciwy dla innego administratora.<\/li>\n                    <li>Prawo o ochronie danych: Deklaracj\u0119 ochrony danych mo\u017cesz wykorzysta\u0107 do przetwarzania swoich danych osobowych. Przepraszamy, ale szczeg\u00f3\u0142owy opis sytuacji jest niedost\u0119pny.<\/li>\n                <\/ul><p>Aby wyja\u015bni\u0107 prawd\u0119, skontaktuj si\u0119 z nimi. Nale\u017cy pami\u0119ta\u0107, \u017ce w pewnych okoliczno\u015bciach pliki cookie mog\u0105 nie by\u0107 szczeg\u00f3lnie popularne. W przypadku, gdy powiadomienie o zebranych danych b\u0119dzie zbyt d\u0142ugie, ch\u0119tnie udzielimy Klientowi us\u0142ugi, jednak prawo do z\u0142o\u017cenia skargi do w\u0142a\u015bciwego organu ochrony danych (agencji zbieraj\u0105cej dane) zostanie znacznie ograniczone.<\/p><h2>10. Dane kontaktowe<\/h2><p>Aby zg\u0142osi\u0107 sprzeciw lub skomentowa\u0107 nasz\u0105 polityk\u0119 plik\u00f3w cookie, a tak\u017ce aby przekaza\u0107 nam takie informacje, prosimy o kontakt z nami za pomoc\u0105 danych kontaktowych podanych poni\u017cej, co pomo\u017ce nam w przetwarzaniu naszych danych kontaktowych:<\/p><p><span class=\"cmplz-contact-organisation\">gry przegl\u0105darkowe<\/span><br>\n                      <span class=\"cmplz-contact-address\">Ogr\u00f3d Quisisana<br \/>\r\nR. Haiti, 124 \u2013 ,<br \/>\r\nPo\u00e7os de Caldas \u2013 MG,<br \/>\r\n37701-241, Brazylia<br \/>\r\n<br \/>\r\n<\/span><br>\n                      <span class=\"cmplz-contact-country\">Niemcy<\/span><br>\n                      <span class=\"cmplz-contact-domain\">Po\u0142\u0105czenie internetowe: <a href=\"https:\/\/browserzocken.de\/pl\">https:\/\/browserzocken.de\/pl<\/a><\/span><br>\n                      <span class=\"cmplz-contact-email\">Adres e-mail: <span class=\"cmplz-obfuscate\">&#098;&#114;&#111;w&#115;e&#114;&#122;&#111;&#099;ken@<span class=\"cmplz-fmail-domain\">ex.com<\/span>gm&#097;i&#108;.&#099;om<\/span><\/span><br>\n                    <span class=\"cmplz-contact-telephone\"><\/span><\/p><p>Niniejsza Polityka plik\u00f3w cookie zosta\u0142a zsynchronizowana z  <a href=\"https:\/\/cookiedatabase.org\/\" target=\"_blank\" rel=\"noopener\">baza danych ciasteczek.org<\/a> w dniu 22 lutego 2024 r.<\/p><\/div>","protected":false},"excerpt":{"rendered":"","protected":false},"author":1,"featured_media":0,"parent":0,"menu_order":0,"comment_status":"closed","ping_status":"closed","template":"","meta":{"footnotes":""},"class_list":["post-334","page","type-page","status-publish","hentry"],"_links":{"self":[{"href":"https:\/\/browserzocken.de\/pl\/wp-json\/wp\/v2\/pages\/334","targetHints":{"allow":["GET"]}}],"collection":[{"href":"https:\/\/browserzocken.de\/pl\/wp-json\/wp\/v2\/pages"}],"about":[{"href":"https:\/\/browserzocken.de\/pl\/wp-json\/wp\/v2\/types\/page"}],"author":[{"embeddable":true,"href":"https:\/\/browserzocken.de\/pl\/wp-json\/wp\/v2\/users\/1"}],"replies":[{"embeddable":true,"href":"https:\/\/browserzocken.de\/pl\/wp-json\/wp\/v2\/comments?post=334"}],"version-history":[{"count":1,"href":"https:\/\/browserzocken.de\/pl\/wp-json\/wp\/v2\/pages\/334\/revisions"}],"predecessor-version":[{"id":346,"href":"https:\/\/browserzocken.de\/pl\/wp-json\/wp\/v2\/pages\/334\/revisions\/346"}],"wp:attachment":[{"href":"https:\/\/browserzocken.de\/pl\/wp-json\/wp\/v2\/media?parent=334"}],"curies":[{"name":"wp","href":"https:\/\/api.w.org\/{rel}","templated":true}]}}