{"id":141,"date":"2024-02-21T12:31:16","date_gmt":"2024-02-21T11:31:16","guid":{"rendered":"https:\/\/browserzocken.de\/?page_id=141"},"modified":"2024-02-22T11:37:57","modified_gmt":"2024-02-22T10:37:57","slug":"agb","status":"publish","type":"page","link":"https:\/\/browserzocken.de\/pl\/ogolne-warunki-handlowe\/","title":{"rendered":"Og\u00f3lne warunki handlowe"},"content":{"rendered":"<div data-elementor-type=\"wp-page\" data-elementor-id=\"141\" class=\"elementor elementor-141\" data-elementor-post-type=\"page\">\n\t\t\t\t<div class=\"elementor-element elementor-element-6574f94 e-flex e-con-boxed e-con e-parent\" data-id=\"6574f94\" data-element_type=\"container\" data-e-type=\"container\">\n\t\t\t\t\t<div class=\"e-con-inner\">\n\t\t\t\t<div class=\"elementor-element elementor-element-646ad69 elementor-widget elementor-widget-text-editor\" data-id=\"646ad69\" data-element_type=\"widget\" data-e-type=\"widget\" data-widget_type=\"text-editor.default\">\n\t\t\t\t<div class=\"elementor-widget-container\">\n\t\t\t\t\t\t\t\t\t<h2 style=\"text-align: center;\">Browserzocken.de \u2013 Nasze warunki<\/h2>\t\t\t\t\t\t\t\t<\/div>\n\t\t\t\t<\/div>\n\t\t\t\t\t<\/div>\n\t\t\t\t<\/div>\n\t\t<div class=\"elementor-element elementor-element-f6839c2 e-flex e-con-boxed e-con e-parent\" data-id=\"f6839c2\" data-element_type=\"container\" data-e-type=\"container\">\n\t\t\t\t\t<div class=\"e-con-inner\">\n\t\t\t\t<div class=\"elementor-element elementor-element-a0ebda0 elementor-widget elementor-widget-text-editor\" data-id=\"a0ebda0\" data-element_type=\"widget\" data-e-type=\"widget\" data-widget_type=\"text-editor.default\">\n\t\t\t\t<div class=\"elementor-widget-container\">\n\t\t\t\t\t\t\t\t\t<h3>Og\u00f3lne Warunki Handlowe (GTC) dla Browserzocken.de<\/h3>\n<p><strong>1. Zakres<\/strong><\/p>\n<p>Niniejsze Og\u00f3lne Warunki Handlowe (OWH) maj\u0105 zastosowanie do korzystania ze strony internetowej Browserzocken.de oraz wszystkich us\u0142ug oferowanych na tej stronie internetowej. Korzystaj\u0105c z serwisu zgadzasz si\u0119 na poni\u017csze warunki.<\/p>\n<p><strong>2. Warunki korzystania<\/strong><\/p>\n<ul>\n<li>Zawarto\u015b\u0107 serwisu Browserzocken.de jest chroniona prawem autorskim i nie mo\u017ce by\u0107 wykorzystywana, kopiowana ani modyfikowana w celach komercyjnych bez wyra\u017anej pisemnej zgody autora.<\/li>\n<li>Korzystanie ze strony internetowej dozwolone jest wy\u0142\u0105cznie w celach zgodnych z prawem. Zabrania si\u0119 podejmowania jakichkolwiek dzia\u0142a\u0144 mog\u0105cych negatywnie wp\u0142yn\u0105\u0107 na witryn\u0119 lub jej u\u017cytkownik\u00f3w.<\/li>\n<\/ul>\n<p><strong><br>3. Polityka plik\u00f3w cookie<\/strong><\/p>\n<ul>\n<li>Browserzocken.de wykorzystuje pliki cookie w celu poprawy komfortu u\u017cytkowania. Pliki cookie to ma\u0142e pliki, kt\u00f3re s\u0105 przechowywane na Twoim urz\u0105dzeniu i umo\u017cliwiaj\u0105 rozpoznanie u\u017cytkownika.<\/li>\n<li>U\u017cywamy zar\u00f3wno plik\u00f3w cookie sesyjnych, kt\u00f3re s\u0105 usuwane po zamkni\u0119ciu przegl\u0105darki, jak i plik\u00f3w cookie trwa\u0142ych, kt\u00f3re pozostaj\u0105 zapisane przez d\u0142u\u017cszy okres czasu.<\/li>\n<li>U\u017cytkownicy mog\u0105 ustawi\u0107 swoj\u0105 przegl\u0105dark\u0119 tak, aby informowa\u0142a ich o ustawieniach plik\u00f3w cookie i zezwala\u0142a na pliki cookie tylko w indywidualnych przypadkach, wyklucza\u0142a akceptacj\u0119 plik\u00f3w cookie w okre\u015blonych przypadkach lub ca\u0142kowicie, a tak\u017ce aktywowa\u0142a automatyczne usuwanie plik\u00f3w cookie po zamkni\u0119ciu przegl\u0105darki.<\/li>\n<\/ul>\n<p><strong><br>4. Prawa autorskie i w\u0142asno\u015b\u0107 intelektualna<\/strong><\/p>\n<ul>\n<li>Wszelkie tre\u015bci i prace publikowane na tej stronie internetowej podlegaj\u0105 niemieckiemu prawu autorskiemu. Jakiekolwiek wykorzystanie niedozwolone przez niemieckie prawo autorskie wymaga uprzedniej pisemnej zgody danego autora lub tw\u00f3rcy.<\/li>\n<li>Pobieranie i kopiowanie tej witryny jest dozwolone wy\u0142\u0105cznie do prywatnego, niekomercyjnego u\u017cytku.<\/li>\n<\/ul>\n<p><strong><br>5. Zastrze\u017cenie<\/strong><\/p>\n<ul>\n<li>Tre\u015bci naszych stron zosta\u0142y stworzone z najwy\u017csz\u0105 staranno\u015bci\u0105. Nie mo\u017cemy jednak przyj\u0105\u0107 odpowiedzialno\u015bci za dok\u0142adno\u015b\u0107, kompletno\u015b\u0107 i aktualno\u015b\u0107 tre\u015bci.<\/li>\n<li>Jako dostawcy us\u0142ug jeste\u015bmy odpowiedzialni za w\u0142asne tre\u015bci zamieszczane na tych stronach zgodnie z og\u00f3lnymi przepisami prawa. Nie mamy jednak obowi\u0105zku monitorowania przekazywanych lub przechowywanych informacji pochodz\u0105cych od os\u00f3b trzecich ani badania okoliczno\u015bci wskazuj\u0105cych na dzia\u0142ania niezgodne z prawem.<\/li>\n<\/ul>\n<p><strong><br>6. Zmiany w Regulaminie<\/strong><\/p>\n<ul>\n<li>Operator serwisu Browserzocken.de zastrzega sobie prawo do zmiany niniejszych warunk\u00f3w w dowolnym momencie i bez wcze\u015bniejszego powiadomienia. Aktualn\u0105 wersj\u0119 Regulaminu mo\u017cna znale\u017a\u0107 na stronie internetowej.<br><br><\/li>\n<\/ul>\n<p><strong>postanowienia ko\u0144cowe<\/strong><\/p>\n<p>Je\u017celi poszczeg\u00f3lne postanowienia niniejszych Og\u00f3lnych Warunk\u00f3w Handlowych oka\u017c\u0105 si\u0119 niewa\u017cne lub niewykonalne albo stan\u0105 si\u0119 niewa\u017cne lub niewykonalne po zawarciu umowy, wa\u017cno\u015b\u0107 pozosta\u0142ych Og\u00f3lnych Warunk\u00f3w Handlowych pozostaje nienaruszona.<\/p>\t\t\t\t\t\t\t\t<\/div>\n\t\t\t\t<\/div>\n\t\t\t\t\t<\/div>\n\t\t\t\t<\/div>\n\t\t\t\t<\/div>","protected":false},"excerpt":{"rendered":"<p>Browserzocken.de &#8211; Unsere Bedingungen Allgemeine Gesch\u00e4ftsbedingungen (AGB) f\u00fcr Browserzocken.de 1. Geltungsbereich Diese Allgemeinen Gesch\u00e4ftsbedingungen (AGB) gelten f\u00fcr die Nutzung der Website Browserzocken.de und aller auf dieser Website angebotenen Dienste. Mit der Nutzung der Website erkl\u00e4ren Sie sich mit diesen Bedingungen einverstanden. 2. Nutzungsbedingungen Die Inhalte auf Browserzocken.de sind urheberrechtlich gesch\u00fctzt und d\u00fcrfen ohne ausdr\u00fcckliche schriftliche [&hellip;]<\/p>\n","protected":false},"author":1,"featured_media":0,"parent":0,"menu_order":0,"comment_status":"closed","ping_status":"closed","template":"","meta":{"footnotes":""},"class_list":["post-141","page","type-page","status-publish","hentry"],"_links":{"self":[{"href":"https:\/\/browserzocken.de\/pl\/wp-json\/wp\/v2\/pages\/141","targetHints":{"allow":["GET"]}}],"collection":[{"href":"https:\/\/browserzocken.de\/pl\/wp-json\/wp\/v2\/pages"}],"about":[{"href":"https:\/\/browserzocken.de\/pl\/wp-json\/wp\/v2\/types\/page"}],"author":[{"embeddable":true,"href":"https:\/\/browserzocken.de\/pl\/wp-json\/wp\/v2\/users\/1"}],"replies":[{"embeddable":true,"href":"https:\/\/browserzocken.de\/pl\/wp-json\/wp\/v2\/comments?post=141"}],"version-history":[{"count":11,"href":"https:\/\/browserzocken.de\/pl\/wp-json\/wp\/v2\/pages\/141\/revisions"}],"predecessor-version":[{"id":342,"href":"https:\/\/browserzocken.de\/pl\/wp-json\/wp\/v2\/pages\/141\/revisions\/342"}],"wp:attachment":[{"href":"https:\/\/browserzocken.de\/pl\/wp-json\/wp\/v2\/media?parent=141"}],"curies":[{"name":"wp","href":"https:\/\/api.w.org\/{rel}","templated":true}]}}