{"id":128,"date":"2024-02-21T12:22:43","date_gmt":"2024-02-21T11:22:43","guid":{"rendered":"https:\/\/browserzocken.de\/?page_id=128"},"modified":"2024-02-22T11:25:26","modified_gmt":"2024-02-22T10:25:26","slug":"live-shows","status":"publish","type":"page","link":"https:\/\/browserzocken.de\/pl\/pokazy-na-zywo\/","title":{"rendered":"pokazy na \u017cywo"},"content":{"rendered":"<div data-elementor-type=\"wp-page\" data-elementor-id=\"128\" class=\"elementor elementor-128\" data-elementor-post-type=\"page\">\n\t\t\t\t<div class=\"elementor-element elementor-element-715fd28 e-flex e-con-boxed e-con e-parent\" data-id=\"715fd28\" data-element_type=\"container\" data-e-type=\"container\">\n\t\t\t\t\t<div class=\"e-con-inner\">\n\t\t\t\t<div class=\"elementor-element elementor-element-89b4c16 elementor-widget elementor-widget-text-editor\" data-id=\"89b4c16\" data-element_type=\"widget\" data-e-type=\"widget\" data-widget_type=\"text-editor.default\">\n\t\t\t\t<div class=\"elementor-widget-container\">\n\t\t\t\t\t\t\t\t\t<h2 style=\"text-align: center;\">Przegl\u0105darka gier kasynowych \u2013 pokazy na \u017cywo<\/h2>\t\t\t\t\t\t\t\t<\/div>\n\t\t\t\t<\/div>\n\t\t\t\t\t<\/div>\n\t\t\t\t<\/div>\n\t\t<div class=\"elementor-element elementor-element-2ebc1d3 e-flex e-con-boxed e-con e-parent\" data-id=\"2ebc1d3\" data-element_type=\"container\" data-e-type=\"container\">\n\t\t\t\t\t<div class=\"e-con-inner\">\n\t\t\t\t<div class=\"elementor-element elementor-element-201050a elementor-widget elementor-widget-text-editor\" data-id=\"201050a\" data-element_type=\"widget\" data-e-type=\"widget\" data-widget_type=\"text-editor.default\">\n\t\t\t\t<div class=\"elementor-widget-container\">\n\t\t\t\t\t\t\t\t\t<h2>ZACHWYCAJ\u0104CY \u015aWIAT TRANSMISJI NA \u017bYWO W KASYNACH ONLINE<\/h2>\n<p>Witamy w dynamicznym i ekscytuj\u0105cym \u015bwiecie pokaz\u00f3w na \u017cywo w kasynach online, gdzie emocje zwi\u0105zane z tradycyjnymi grami kasynowymi \u0142\u0105cz\u0105 si\u0119 z magi\u0105 rozrywki na \u017cywo. Ta innowacyjna gra szturmem zdoby\u0142a \u015bwiat hazardu online, oferuj\u0105c graczom mo\u017cliwo\u015b\u0107 uczestniczenia w teleturniejach na \u017cywo, nie wychodz\u0105c z domu. Dzi\u0119ki prawdziwym krupierom, interaktywnej rozgrywce i mo\u017cliwo\u015bci komunikowania si\u0119 z innymi graczami, pokazy gier w kasynie na \u017cywo oferuj\u0105 wyj\u0105tkowe i niezapomniane wra\u017cenia. Przyjrzyjmy si\u0119 niekt\u00f3rym z najpopularniejszych gier kasynowych na \u017cywo, jakie mo\u017cna znale\u017a\u0107 w Internecie.<\/p>\n<h3>NAJLEPSZE POKAZY GRACZY W KASYNACH NA \u017bYWO<\/h3>\n<ul>\n<li>\n<p><strong>\u0141apacz sn\u00f3w<\/strong>:Dream Catcher by\u0142 jednym z pierwszych program\u00f3w z grami kasynowymi na \u017cywo i nadal cieszy si\u0119 ogromn\u0105 popularno\u015bci\u0105. To prosta, ale ekscytuj\u0105ca gra w ko\u0142o fortuny, w kt\u00f3rej gracze obstawiaj\u0105 numer, na kt\u00f3rym ich zdaniem zatrzyma si\u0119 ko\u0142o. Dzi\u0119ki kolorowemu i dynamicznemu interfejsowi, przyjaznym krupierom na \u017cywo i szansie na wygranie du\u017cych mno\u017cnik\u00f3w, Dream Catcher oferuje przyst\u0119pn\u0105 i przyjemn\u0105 rozgrywk\u0119 dla graczy ka\u017cdego typu.<\/p>\n<\/li>\n<li>\n<p><strong>Monopoly na \u017cywo<\/strong>:Monopoly Live to genialne po\u0142\u0105czenie klasycznej gry planszowej z emocjami towarzysz\u0105cymi rozgrywce w kasynie na \u017cywo. \u0141\u0105czy w sobie to, co najlepsze w obu \u015bwiatach. Gracze obstawiaj\u0105 Ko\u0142o Fortuny, ale z pewn\u0105 r\u00f3\u017cnic\u0105: je\u015bli ko\u0142o zatrzyma si\u0119 na \u201eSzansie\u201d lub \u201e2 rzuty\u201d\/\u201e4 rzuty\u201d, gracze zostaj\u0105 przeniesieni na wirtualn\u0105 plansz\u0119 Monopoly, gdzie Pan Monopoly zbiera bonusy. Ten teleturniej s\u0142ynie z imponuj\u0105cej grafiki i mo\u017cliwo\u015bci wygrania ogromnych sum.<\/p>\n<\/li>\n<li>\n<p><strong>Ruletka B\u0142yskawicowa<\/strong>:Lightning Roulette zmienia tradycyjn\u0105 gr\u0119 w ruletk\u0119, dodaj\u0105c ekscytuj\u0105c\u0105 funkcj\u0119 bonusow\u0105 \u201eLightning\u201d. Podczas ka\u017cdego obrotu piorun losowo uderza w maksymalnie pi\u0119\u0107 liczb, co znacznie zwi\u0119ksza wygrane dzi\u0119ki mno\u017cnikom si\u0119gaj\u0105cym nawet 500x. Ta wyj\u0105tkowa wersja ruletki \u0142\u0105czy w sobie emocje gry na \u017cywo z szans\u0105 na wyj\u0105tkowo wysokie wygrane.<\/p>\n<\/li>\n<li>\n<p><strong>Szalony Czas<\/strong>:Crazy Time to ekstrawagancka gra Ko\u0142o Fortuny z czterema wci\u0105gaj\u0105cymi rundami bonusowymi: Cash Hunt, Pachinko, Coin Flip i Crazy Time. Ka\u017cda runda bonusowa oferuje wyj\u0105tkowe elementy interaktywne i szans\u0119 na wygranie znacznych mno\u017cnik\u00f3w. Dzi\u0119ki kolorowemu studiu, entuzjastycznym prezenterom i ekscytuj\u0105cym rundom bonusowym Crazy Time oferuje jedno z najbardziej rozrywkowych i dynamicznych do\u015bwiadcze\u0144 w segmencie kasyn na \u017cywo.<\/p>\n<\/li>\n<li>\n<p><strong>Umowa lub brak umowy na \u017cywo<\/strong>:Gra Deal or No Deal Live oparta na znanym programie telewizyjnym oferuje graczom mo\u017cliwo\u015b\u0107 wzi\u0119cia udzia\u0142u w emocjonuj\u0105cej grze polegaj\u0105cej na wybieraniu walizek i negocjowaniu z bankierem. Najpierw gracze musz\u0105 si\u0119 zakwalifikowa\u0107, przekr\u0119caj\u0105c kombinacj\u0119 zamka, a nast\u0119pnie podczas programu na \u017cywo wybieraj\u0105 walizki i decyduj\u0105, czy przyj\u0105\u0107 ofert\u0119 bankiera. Ten teleturniej wymaga zar\u00f3wno strategii, jak i szcz\u0119\u015bcia oraz trzyma graczy w napi\u0119ciu.<\/p>\n<\/li>\n<\/ul>\n<h3>JAK DZIA\u0141AJ\u0104 POKAZY NA \u017bYWO W KASYNACH?<\/h3>\n<p>Transmisje na \u017cywo z kasyna odbywaj\u0105 si\u0119 z profesjonalnych studi\u00f3w, w kt\u00f3rych prawdziwi krupierzy i gospodarze gier kieruj\u0105 akcj\u0105. Gracze bior\u0105 udzia\u0142 w grze za po\u015brednictwem komputera lub urz\u0105dzenia mobilnego i mog\u0105 obstawia\u0107 zak\u0142ady, rozmawia\u0107 z krupierem i innymi graczami oraz \u015bledzi\u0107 akcj\u0119 w czasie rzeczywistym. Interaktywne elementy i mo\u017cliwo\u015b\u0107 uczestnictwa na \u017cywo zwi\u0119kszaj\u0105 emocje i sprawiaj\u0105, \u017ce gry te s\u0105 ulubionymi grami w\u015br\u00f3d os\u00f3b odwiedzaj\u0105cych kasyna online.<\/p>\n<h3>WSKAZ\u00d3WKI DOTYCZ\u0104CE GRY W POKAZY NA \u017bYWO W KASYNACH<\/h3>\n<ul>\n<li><strong>Poznaj zasady<\/strong>:Zanim zaczniesz gra\u0107, upewnij si\u0119, \u017ce dobrze rozumiesz zasady gry.<\/li>\n<li><strong>Zarz\u0105dzaj swoim kapita\u0142em<\/strong>:Ustal limity i trzymaj si\u0119 bud\u017cetu.<\/li>\n<li><strong>Ciesz si\u0119 do\u015bwiadczeniem<\/strong>:Programy w kasynie na \u017cywo maj\u0105 charakter rozrywkowy. Ciesz si\u0119 interakcj\u0105 i emocjami p\u0142yn\u0105cymi z gry.<br><br><\/li>\n<\/ul>\n<p>Pokazy w kasynie na \u017cywo oferuj\u0105 wyj\u0105tkowe po\u0142\u0105czenie gier i rozrywki, pozwalaj\u0105c graczom cieszy\u0107 si\u0119 wci\u0105gaj\u0105cym i interaktywnym do\u015bwiadczeniem gry. Niezale\u017cnie od tego, czy lubisz Ko\u0142o Fortuny, klasyczne gry sto\u0142owe z pewnym urozmaiceniem, czy strategiczn\u0105 gr\u0119 Deal or No Deal, w kasynie na \u017cywo znajdziesz co\u015b dla siebie. Zanurz si\u0119 w \u015bwiecie rozrywki w kasynie na \u017cywo i przekonaj si\u0119, dlaczego te gry s\u0105 tak popularne w\u015br\u00f3d graczy online.<\/p>\t\t\t\t\t\t\t\t<\/div>\n\t\t\t\t<\/div>\n\t\t\t\t\t<\/div>\n\t\t\t\t<\/div>\n\t\t\t\t<\/div>","protected":false},"excerpt":{"rendered":"<p>Browserzocken Casino &#8211; Live Shows DIE BEZAUBERNDE WELT DER ONLINE-CASINO-LIVE-SHOWS Willkommen in der dynamischen und mitrei\u00dfenden Welt der Online-Casino-Live-Shows, wo die Aufregung traditioneller Casinospiele mit dem Zauber des Live-Entertainments verschmilzt. Diese innovative Spielart hat die Online-Gl\u00fccksspielwelt im Sturm erobert und bietet Spielern die M\u00f6glichkeit, von zu Hause aus an Live-Spielshows teilzunehmen. Mit echten Dealern, interaktiver [&hellip;]<\/p>\n","protected":false},"author":1,"featured_media":0,"parent":0,"menu_order":0,"comment_status":"closed","ping_status":"closed","template":"","meta":{"footnotes":""},"class_list":["post-128","page","type-page","status-publish","hentry"],"_links":{"self":[{"href":"https:\/\/browserzocken.de\/pl\/wp-json\/wp\/v2\/pages\/128","targetHints":{"allow":["GET"]}}],"collection":[{"href":"https:\/\/browserzocken.de\/pl\/wp-json\/wp\/v2\/pages"}],"about":[{"href":"https:\/\/browserzocken.de\/pl\/wp-json\/wp\/v2\/types\/page"}],"author":[{"embeddable":true,"href":"https:\/\/browserzocken.de\/pl\/wp-json\/wp\/v2\/users\/1"}],"replies":[{"embeddable":true,"href":"https:\/\/browserzocken.de\/pl\/wp-json\/wp\/v2\/comments?post=128"}],"version-history":[{"count":7,"href":"https:\/\/browserzocken.de\/pl\/wp-json\/wp\/v2\/pages\/128\/revisions"}],"predecessor-version":[{"id":298,"href":"https:\/\/browserzocken.de\/pl\/wp-json\/wp\/v2\/pages\/128\/revisions\/298"}],"wp:attachment":[{"href":"https:\/\/browserzocken.de\/pl\/wp-json\/wp\/v2\/media?parent=128"}],"curies":[{"name":"wp","href":"https:\/\/api.w.org\/{rel}","templated":true}]}}