{"id":123,"date":"2024-02-21T12:22:04","date_gmt":"2024-02-21T11:22:04","guid":{"rendered":"https:\/\/browserzocken.de\/?page_id=123"},"modified":"2024-02-22T11:35:18","modified_gmt":"2024-02-22T10:35:18","slug":"baccarat","status":"publish","type":"page","link":"https:\/\/browserzocken.de\/pl\/bakarat\/","title":{"rendered":"Bakarat"},"content":{"rendered":"<div data-elementor-type=\"wp-page\" data-elementor-id=\"123\" class=\"elementor elementor-123\" data-elementor-post-type=\"page\">\n\t\t\t\t<div class=\"elementor-element elementor-element-487ebf7 e-flex e-con-boxed e-con e-parent\" data-id=\"487ebf7\" data-element_type=\"container\" data-e-type=\"container\">\n\t\t\t\t\t<div class=\"e-con-inner\">\n\t\t\t\t<div class=\"elementor-element elementor-element-1891b68 elementor-widget elementor-widget-heading\" data-id=\"1891b68\" data-element_type=\"widget\" data-e-type=\"widget\" data-widget_type=\"heading.default\">\n\t\t\t\t<div class=\"elementor-widget-container\">\n\t\t\t\t\t<h2 class=\"elementor-heading-title elementor-size-default\">Kasyno z grami przegl\u0105darkowymi - Bakarat<\/h2>\t\t\t\t<\/div>\n\t\t\t\t<\/div>\n\t\t\t\t<div class=\"elementor-element elementor-element-d98ee70 elementor-widget elementor-widget-text-editor\" data-id=\"d98ee70\" data-element_type=\"widget\" data-e-type=\"widget\" data-widget_type=\"text-editor.default\">\n\t\t\t\t<div class=\"elementor-widget-container\">\n\t\t\t\t\t\t\t\t\t<h2>KOMPLETNY PRZEWODNIK PO BACCARAT: ZASADY GRY, GRA ONLINE I STRATEGIE<\/h2><p>Witamy na stronie po\u015bwi\u0119conej Bakaratowi, jednej z najstarszych i najelegantszych gier kasynowych na \u015bwiecie. Bakarat, w niekt\u00f3rych kr\u0119gach znany r\u00f3wnie\u017c jako Punto Banco, s\u0142ynie z prostych zasad, szybkiej rozgrywki i niskiej przewagi kasyna, co czyni go ulubion\u0105 gr\u0105 w\u015br\u00f3d bywalc\u00f3w kasyn. Oto wszystko, co musisz wiedzie\u0107 o bakaracie, od podstawowych zasad po wskaz\u00f3wki, jak zwi\u0119kszy\u0107 swoje szanse w kasynie online.<\/p><h2>CO TO JEST BACCARAT?<\/h2><p>Bakarat to gra karciana, w kt\u00f3r\u0105 graj\u0105 dwie osoby: \u201eGracz\u201d i \u201eBankier\u201d. Celem gry jest przewidzenie, kt\u00f3ra r\u0119ka jest najbli\u017csza warto\u015bci dziewi\u0119\u0107. Gra ta cz\u0119sto kojarzy si\u0119 z wysokimi stawkami i ekskluzywno\u015bci\u0105, ale kasyna online udost\u0119pni\u0142y bakarata graczom na ka\u017cdym poziomie zaawansowania.<\/p><h2>PODSTAWOWE ZASADY BACCARATA<\/h2><p>W bakaracie zar\u00f3wno gracz, jak i bankier otrzymuj\u0105 po dwie karty. Warto\u015b\u0107 r\u0119ki jest sum\u0105 kart, liczy si\u0119 tylko ostatnia cyfra. Oznacza to, \u017ce r\u0119ka sk\u0142adaj\u0105ca si\u0119 z 7 i 5, kt\u00f3rych suma wynosi 12, ma warto\u015b\u0107 2.<\/p><h2>WARTO\u015aCI KART W BACCARAT S\u0104 NAST\u0118PUJ\u0104CE:<\/h2><ul><li>Azen s\u0105 warte 1 punkt.<\/li><li>Karty od 2 do 9 licz\u0105 swoj\u0105 warto\u015b\u0107 punktow\u0105.<\/li><li>Dziesi\u0105tki, walety, damy i kr\u00f3le nie maj\u0105 warto\u015bci punktowej (0).<\/li><\/ul><p>Je\u017celi warto\u015b\u0107 pierwszych dw\u00f3ch kart wynosi 8 lub 9 (wygrana \u201enaturalna\u201d), dana r\u0119ka automatycznie wygrywa, chyba \u017ce druga r\u0119ka ma tak\u0105 sam\u0105 warto\u015b\u0107. Je\u017celi \u017cadna z os\u00f3b nie ma naturalnej karty, mo\u017cna dobra\u0107 trzeci\u0105 kart\u0119 zgodnie z ustalonymi zasadami.<\/p><h2>GRAJ W BAKARATA W KASYNIE ONLINE<\/h2><p>W bakaracie online obowi\u0105zuj\u0105 te same podstawowe zasady, co w grze w kasynach stacjonarnych, ale mo\u017cna gra\u0107 w niego z dowolnego miejsca. Oto kilka wskaz\u00f3wek, jak zwi\u0119kszy\u0107 swoje szanse podczas gry w bakarata w kasynie online:<\/p><ul><li><strong>Wybierz niezawodne kasyno<\/strong>:Upewnij si\u0119, \u017ce kasyno online, w kt\u00f3rym grasz, posiada wa\u017cn\u0105 licencj\u0119 i cieszy si\u0119 dobrymi opiniami innych graczy.<\/li><li><strong>Zwr\u00f3\u0107 uwag\u0119 na prowizj\u0119<\/strong>:Zak\u0142ad bankowy cz\u0119sto ma najlepsze kursy, ale prowizja od wygranych wynosi zwykle 51%. Sprawd\u017a stawk\u0119 prowizji zanim zaczniesz gra\u0107.<\/li><li><strong>Zarz\u0105dzaj swoim kapita\u0142em<\/strong>:Obstawiaj m\u0105drze i ustal limity, aby nie wyda\u0107 wi\u0119cej, ni\u017c mo\u017cesz sobie pozwoli\u0107.<\/li><\/ul><h2>POPULARNE TAKTYKI W BACCARAT<\/h2><p>Mimo \u017ce bakarat jest przede wszystkim gr\u0105 losow\u0105, istniej\u0105 pewne strategie, kt\u00f3re oferuj\u0105 wi\u0119ksze szanse na wygran\u0105:<\/p><ul><li><strong>Zak\u0142ady na bankiera<\/strong>:Zak\u0142ad bankowy ma nieznacznie lepsze szanse ni\u017c zak\u0142ad gracza ze wzgl\u0119du na zasady dobierania trzeciej karty.<\/li><li><strong>Unikaj zak\u0142adu \u201eRemis\u201d<\/strong>:Mimo \u017ce remis daje wysokie wygrane, prawdopodobie\u0144stwo wyst\u0105pienia remisu jest niskie, a przewaga kasyna w tym zak\u0142adzie jest znacznie wy\u017csza.<\/li><li><strong>Zarz\u0105dzanie pieni\u0119dzmi<\/strong>:Jedn\u0105 z najskuteczniejszych strategii w bakaracie jest dobre zarz\u0105dzanie kapita\u0142em. Zdecyduj wcze\u015bniej, ile jeste\u015b w stanie straci\u0107 i trzymaj si\u0119 tego limitu.<\/li><\/ul><h2>WARIANTY GRY W BACCARAT<\/h2><p>Opr\u00f3cz tradycyjnej wersji bakarata, w kt\u00f3r\u0105 mo\u017cna gra\u0107 w kasynach stacjonarnych i internetowych na ca\u0142ym \u015bwiecie, istnieje wiele odmian tej gry, z kt\u00f3rych ka\u017cda ma swoje w\u0142asne, unikalne zasady i styl gry. Poni\u017cej przyjrzymy si\u0119 niekt\u00f3rym najpopularniejszym odmianom bakarata, z jakimi mo\u017cesz si\u0119 spotka\u0107.<\/p><h2>PUNTO BANCO<\/h2><p>Punto Banco jest prawdopodobnie najbardziej znan\u0105 i najpopularniejsz\u0105 odmian\u0105 bakarata, szczeg\u00f3lnie w Ameryce P\u00f3\u0142nocnej, Australii i Wielkiej Brytanii. W tej wersji gry zasady dobierania trzeciej karty s\u0105 sta\u0142e i stosowane automatycznie, dzi\u0119ki czemu gracze nie musz\u0105 podejmowa\u0107 \u017cadnych decyzji po postawieniu zak\u0142ad\u00f3w. Punto Banco jest cz\u0119sto nazywane po prostu Bakarat.<\/p><h2>CHEMIN DE FER<\/h2><p>Chemin de Fer to starsza wersja bakarata, kt\u00f3ra cieszy si\u0119 szczeg\u00f3ln\u0105 popularno\u015bci\u0105 we Francji. W przeciwie\u0144stwie do Punto Banco, gdzie bankierem zawsze jest kasyno, w Chemin de Fer rola bankiera zmienia si\u0119 pomi\u0119dzy graczami. Gracze mog\u0105 zdecydowa\u0107 si\u0119 na wyzwanie banku i podj\u0105\u0107 decyzj\u0119 o tym, czy dobra\u0107 trzeci\u0105 kart\u0119, co stanowi element strategii nieobecny w Punto Banco.<\/p><h2>BANK BAKARAT<\/h2><p>Baccarat Banque jest podobny do Chemin de Fer, poniewa\u017c jeden z graczy jest bankierem. R\u00f3\u017cnica polega na tym, \u017ce bankier pozostaje ten sam przez ca\u0142y czas gry, chyba \u017ce zdecyduje si\u0119 zrezygnowa\u0107 z banku lub straci wszystkie swoje pieni\u0105dze. W t\u0119 odmian\u0119 gry gra si\u0119 zazwyczaj trzema taliami kart, w odr\u00f3\u017cnieniu od standardowych sze\u015bciu lub o\u015bmiu talii w innych wersjach.<\/p><h2>MINI BAKARATURA<\/h2><p>W Mini Baccarat obowi\u0105zuj\u0105 te same zasady co w Punto Banco, jednak na mniejsz\u0105 skal\u0119. St\u00f3\u0142 jest mniejszy, limity zak\u0142ad\u00f3w ni\u017csze, a w rozgrywce bierze udzia\u0142 mniej graczy i krupier\u00f3w. Dzi\u0119ki temu gra staje si\u0119 szybsza i bardziej przyst\u0119pna, zw\u0142aszcza dla pocz\u0105tkuj\u0105cych lub graczy o mniejszym bud\u017cecie.<\/p><h2>SZYBKI BAKARAT<\/h2><p>Jak sama nazwa wskazuje, Speed Baccarat jest szybsz\u0105 wersj\u0105 gry. Ka\u017cde okr\u0105\u017cenie trwa oko\u0142o 27 sekund zamiast standardowych 48 sekund, co znacznie przyspiesza tempo. Ta odmiana jest idealna dla graczy szukaj\u0105cych szybkiej akcji.<\/p><h2>BEZPROWIZJI BACCARAT<\/h2><p>W tradycyjnych grach w bakarata pobierana jest prowizja w wysoko\u015bci 51% od wygranych z zak\u0142ad\u00f3w na bankiera. W Bakarat bez prowizji prowizja ta nie wyst\u0119puje, co mo\u017ce by\u0107 atrakcyjne dla graczy. Aby jednak zr\u00f3wnowa\u017cy\u0107 przewag\u0119 kasyna, cz\u0119sto stosuje si\u0119 zasady wyp\u0142at dostosowane do wygrywaj\u0105cych uk\u0142ad\u00f3w bankiera.<\/p><h2>KT\u00d3RA ODMIANA BAKARATA JEST NAJLEPSZA?<\/h2><p>Ka\u017cda odmiana bakarata oferuje w\u0142asn\u0105, wyj\u0105tkow\u0105 wersj\u0119 klasycznej gry, pozwalaj\u0105c graczom wybiera\u0107 pomi\u0119dzy opcjami, kt\u00f3re najlepiej odpowiadaj\u0105 ich stylowi gry i preferencjom. Niezale\u017cnie od tego, czy wolisz szybk\u0105 akcj\u0119 Speed Baccarat, kontrolowane przez gracza do\u015bwiadczenie Chemin de Fer czy te\u017c przyst\u0119pno\u015b\u0107 Mini Baccarat, ka\u017cdy znajdzie gr\u0119 w bakarata dla siebie. Poznanie tych wariant\u00f3w mo\u017ce wzbogaci\u0107 Twoje do\u015bwiadczenia zwi\u0105zane z gr\u0105 i zwi\u0119kszy\u0107 Twoje szanse na wygran\u0105 poprzez g\u0142\u0119bsze zrozumienie gry i jej wielu form.<\/p><h2>KO\u0143COWE S\u0141OWA O GRZE W BACCARATA ONLINE<\/h2><p>Bakarat to ekscytuj\u0105ca gra, kt\u00f3ra przyci\u0105ga zar\u00f3wno pocz\u0105tkuj\u0105cych, jak i do\u015bwiadczonych go\u015bci kasyn. Proste zasady i dynamiczna rozgrywka sprawiaj\u0105, \u017ce \u0142atwo si\u0119 jej nauczy\u0107, ale jednocze\u015bnie oferuje wystarczaj\u0105co du\u017co g\u0142\u0119bi, by m\u00f3c podejmowa\u0107 powa\u017cne strategiczne decyzje. Niezale\u017cnie od tego, czy zdecydujesz si\u0119 gra\u0107 w bakarata online, czy w kasynie stacjonarnym, pami\u0119taj, \u017ce g\u0142\u00f3wnym celem jest dobra zabawa. Graj odpowiedzialnie i ciesz si\u0119 eleganck\u0105 dynamik\u0105 tej klasycznej gry kasynowej.<\/p>\t\t\t\t\t\t\t\t<\/div>\n\t\t\t\t<\/div>\n\t\t\t\t\t<\/div>\n\t\t\t\t<\/div>\n\t\t\t\t<\/div>","protected":false},"excerpt":{"rendered":"<p>Browserzocken Casino &#8211; Baccarat DIE KOMPLETTE ANLEITUNG F\u00dcR BACCARAT: SPIELREGELN, ONLINE SPIELEN UND STRATEGIEN Willkommen auf der Seite, die ganz Baccarat gewidmet ist, einem der \u00e4ltesten und elegantesten Casinospiele der Welt. Baccarat, auch bekannt als Punto Banco in einigen Kreisen, ist bekannt f\u00fcr seine einfachen Regeln, schnelles Gameplay und niedriges Hausvorteil, was es zu einem [&hellip;]<\/p>\n","protected":false},"author":1,"featured_media":0,"parent":0,"menu_order":0,"comment_status":"closed","ping_status":"closed","template":"","meta":{"footnotes":""},"class_list":["post-123","page","type-page","status-publish","hentry"],"_links":{"self":[{"href":"https:\/\/browserzocken.de\/pl\/wp-json\/wp\/v2\/pages\/123","targetHints":{"allow":["GET"]}}],"collection":[{"href":"https:\/\/browserzocken.de\/pl\/wp-json\/wp\/v2\/pages"}],"about":[{"href":"https:\/\/browserzocken.de\/pl\/wp-json\/wp\/v2\/types\/page"}],"author":[{"embeddable":true,"href":"https:\/\/browserzocken.de\/pl\/wp-json\/wp\/v2\/users\/1"}],"replies":[{"embeddable":true,"href":"https:\/\/browserzocken.de\/pl\/wp-json\/wp\/v2\/comments?post=123"}],"version-history":[{"count":7,"href":"https:\/\/browserzocken.de\/pl\/wp-json\/wp\/v2\/pages\/123\/revisions"}],"predecessor-version":[{"id":309,"href":"https:\/\/browserzocken.de\/pl\/wp-json\/wp\/v2\/pages\/123\/revisions\/309"}],"wp:attachment":[{"href":"https:\/\/browserzocken.de\/pl\/wp-json\/wp\/v2\/media?parent=123"}],"curies":[{"name":"wp","href":"https:\/\/api.w.org\/{rel}","templated":true}]}}