{"id":118,"date":"2024-02-21T12:21:34","date_gmt":"2024-02-21T11:21:34","guid":{"rendered":"https:\/\/browserzocken.de\/?page_id=118"},"modified":"2024-02-22T11:21:48","modified_gmt":"2024-02-22T10:21:48","slug":"poker","status":"publish","type":"page","link":"https:\/\/browserzocken.de\/pl\/poker\/","title":{"rendered":"poker"},"content":{"rendered":"<div data-elementor-type=\"wp-page\" data-elementor-id=\"118\" class=\"elementor elementor-118\" data-elementor-post-type=\"page\">\n\t\t\t\t<div class=\"elementor-element elementor-element-ec367b3 e-flex e-con-boxed e-con e-parent\" data-id=\"ec367b3\" data-element_type=\"container\" data-e-type=\"container\">\n\t\t\t\t\t<div class=\"e-con-inner\">\n\t\t\t\t<div class=\"elementor-element elementor-element-611282b elementor-widget elementor-widget-heading\" data-id=\"611282b\" data-element_type=\"widget\" data-e-type=\"widget\" data-widget_type=\"heading.default\">\n\t\t\t\t<div class=\"elementor-widget-container\">\n\t\t\t\t\t<h2 class=\"elementor-heading-title elementor-size-default\">Przegl\u0105darka Gry Kasyno Poker<\/h2>\t\t\t\t<\/div>\n\t\t\t\t<\/div>\n\t\t\t\t\t<\/div>\n\t\t\t\t<\/div>\n\t\t<div class=\"elementor-element elementor-element-4944e4e e-flex e-con-boxed e-con e-parent\" data-id=\"4944e4e\" data-element_type=\"container\" data-e-type=\"container\">\n\t\t\t\t\t<div class=\"e-con-inner\">\n\t\t\t\t<div class=\"elementor-element elementor-element-885d33e elementor-widget elementor-widget-text-editor\" data-id=\"885d33e\" data-element_type=\"widget\" data-e-type=\"widget\" data-widget_type=\"text-editor.default\">\n\t\t\t\t<div class=\"elementor-widget-container\">\n\t\t\t\t\t\t\t\t\t<h2>KOMPLETNY PRZEWODNIK PO POKERZE ONLINE: ZASADY, R\u0118CE I STRATEGIE<\/h2><p>Witamy na stronie po\u015bwi\u0119conej fascynuj\u0105cej grze w pokera, grze opartej nie tylko na szcz\u0119\u015bciu, ale r\u00f3wnie\u017c na g\u0142\u0119bokiej strategicznej wiedzy. Poker jest jedn\u0105 z najpopularniejszych gier karcianych na \u015bwiecie i ma wiele odmian, takich jak Texas Hold&#039;em, Omaha i Seven-Card Stud. Ten przewodnik skupi si\u0119 przede wszystkim na og\u00f3lnych zasadach, kt\u00f3re dotycz\u0105 wi\u0119kszo\u015bci odmian pokera, ze szczeg\u00f3lnym uwzgl\u0119dnieniem Texas Hold&#039;em, najpowszechniej granej odmiany.<\/p><h2>PODSTAWOWE ZASADY POKERA<\/h2><p>W pokerze celem jest uzyskanie jak najlepszego uk\u0142adu lub zmuszenie wszystkich graczy do spasowania przed ujawnieniem kart. Uk\u0142ad kart w pokerze sk\u0142ada si\u0119 z kombinacji pi\u0119ciu kart, kt\u00f3ra mo\u017ce si\u0119 r\u00f3\u017cni\u0107 w zale\u017cno\u015bci od odmiany pokera. Na przyk\u0142ad w Texas Hold&#039;em ka\u017cdy gracz otrzymuje dwie karty osobiste (karty zakryte), a na stole wyk\u0142ada si\u0119 maksymalnie pi\u0119\u0107 kart wsp\u00f3lnych.<\/p><h2>WARTO\u015a\u0106 KART I RANKING R\u0118KI<\/h2><p>Warto\u015b\u0107 ka\u017cdej karty pokerowej jest zgodna z klasyfikacj\u0105 od najwy\u017cszej do najni\u017cszej: as (wysoki), kr\u00f3l, dama, walet, 10, 9, 8, 7, 6, 5, 4, 3, 2. As mo\u017ce by\u0107 r\u00f3wnie\u017c u\u017cyty jako najni\u017cszy w uk\u0142adzie A-2-3-4-5. Mo\u017cliwe uk\u0142ady od najwy\u017cszego do najni\u017cszego to:<\/p><ol><li><strong>Poker kr\u00f3lewski<\/strong>:Najwy\u017csza mo\u017cliwa r\u0119ka, strit od dziesi\u0105tki do asa, przy czym wszystkie pi\u0119\u0107 kart jest tego samego koloru.<\/li><li><strong>strit flushowy<\/strong>:Dowolny strit sk\u0142adaj\u0105cy si\u0119 z pi\u0119ciu kart tego samego koloru.<\/li><li><strong>Cztery takie same<\/strong> (Karta): Cztery karty o tej samej warto\u015bci.<\/li><li><strong>Pe\u0142na chata<\/strong>:Trzy karty o tej samej warto\u015bci wraz z dwiema kartami o tej samej warto\u015bci.<\/li><li><strong>sp\u0142uka\u0107<\/strong>:Pi\u0119\u0107 kart tego samego koloru, w nieprawid\u0142owej kolejno\u015bci.<\/li><li><strong>Prosty<\/strong>:Pi\u0119\u0107 kolejnych kart w r\u00f3\u017cnych kolorach.<\/li><li><strong>Trzy takie same<\/strong> (Tr\u00f3jka): Trzy karty o tej samej warto\u015bci.<\/li><li><strong>Dwie pary<\/strong> (Dwie pary): Dwie r\u00f3\u017cne pary.<\/li><li><strong>Jedna para<\/strong> (Para): Dwie karty o tej samej warto\u015bci.<\/li><li><strong>Wysoka karta<\/strong> (Wysoka karta): Je\u017celi \u017cadnemu graczowi nie uda si\u0119 utworzy\u0107 kombinacji, wygrywa najwy\u017csza karta.<\/li><\/ol><h2>POPULARNE TAKTYKI DLA POCZ\u0104TKUJ\u0104CYCH<\/h2><ul><li><strong>Gra agresywna i \u015bcis\u0142a<\/strong>:Skup si\u0119 na rozgrywaniu niewielkiej liczby mocnych uk\u0142ad\u00f3w i agresywnym obstawianiu, aby wygra\u0107 pul\u0119.<\/li><li><strong>gra pozycyjna<\/strong>:Wykorzystaj swoj\u0105 pozycj\u0119 przy stole. Im p\u00f3\u017aniejsze b\u0119dzie Twoje stanowisko, tym wi\u0119cej informacji b\u0119dziesz mia\u0142 na temat dzia\u0142a\u0144 swoich przeciwnik\u00f3w, zanim b\u0119dziesz musia\u0142 dzia\u0142a\u0107.<\/li><li><strong>Podstawowa matematyka pokera<\/strong>:Zrozum podstawy dotycz\u0105ce szans na wygran\u0105 i out\u00f3w w puli. Pomo\u017ce Ci to oceni\u0107, czy warto obstawia\u0107 remis.<\/li><\/ul><h2>STRATEGIE DLA ZAAWANSOWANYCH GRACZY<\/h2><ul><li><strong>Urwisko<\/strong>:Dowiedz si\u0119, jak i kiedy blefowa\u0107. Dobrze wymierzony blef mo\u017ce pom\u00f3c Ci wygra\u0107 pul\u0119, nawet je\u015bli nie masz najlepszej r\u0119ki.<\/li><li><strong>odczytywanie zakres\u00f3w r\u0105k<\/strong>:Spr\u00f3buj okre\u015bli\u0107, jakie karty najprawdopodobniej zagraj\u0105 Twoi przeciwnicy, bazuj\u0105c na ich dzia\u0142aniach i pozycji.<\/li><li><strong>gra wielosto\u0142owa<\/strong>:Wielu graczy online zwi\u0119ksza swoje wygrane graj\u0105c przy wielu sto\u0142ach jednocze\u015bnie, ale wymaga to dobrej koncentracji i umiej\u0119tno\u015bci gry w pokera.<\/li><\/ul><h2>TAKTYKA DLA BARDZO ZAAWANSOWANYCH GRACZY<\/h2><ul><li><strong>Zaawansowane techniki blefowania<\/strong>:Dowiedz si\u0119, jak skutecznie stosowa\u0107 taktyk\u0119 double barreling, triple barreling i blef-raising.<\/li><li><strong>ICM i strategia turniejowa<\/strong>:Zrozum niezale\u017cny model \u017ceton\u00f3w (ICM) dla gier turniejowych, kt\u00f3ry pomaga podejmowa\u0107 w\u0142a\u015bciwe decyzje na r\u00f3\u017cnych etapach turnieju.<\/li><\/ul><h2>KO\u0143COWE S\u0141OWA O GRZE W POKERA ONLINE<\/h2><p>Poker to skomplikowana gra, kt\u00f3rej opanowanie mo\u017ce zaj\u0105\u0107 ca\u0142e \u017cycie. Pocz\u0105tkuj\u0105cy powinni skupi\u0107 si\u0119 na zrozumieniu podstawowych zasad i warto\u015bci kart, natomiast zaawansowani i do\u015bwiadczeni gracze mog\u0105 udoskonali\u0107 swoje strategie, zag\u0142\u0119biaj\u0105c si\u0119 w psychologi\u0119 gry, zaawansowan\u0105 matematyk\u0119 i umiej\u0119tno\u015bci gry przy wielu sto\u0142ach. Pami\u0119taj, \u017ce kluczem do sukcesu w pokerze jest konsekwencja, cierpliwo\u015b\u0107 i ci\u0105g\u0142a nauka. Powodzenia przy sto\u0142ach!<\/p><ul><li><strong>Konstancja:<\/strong> Trzymaj si\u0119 swojej strategii i modyfikuj j\u0105 wy\u0142\u0105cznie na podstawie starannej analizy i do\u015bwiadczenia.<\/li><li><strong>Cierpliwo\u015b\u0107:<\/strong> Poczekaj na w\u0142a\u015bciwy moment, by dzia\u0142a\u0107 i nie pozw\u00f3l, by emocje tob\u0105 kierowa\u0142y.<\/li><li><strong>Ci\u0105g\u0142a nauka:<\/strong> \u015awiat pokera nieustannie si\u0119 zmienia. B\u0105d\u017a na bie\u017c\u0105co z nowymi trendami, strategiami i teoriami gier.<\/li><\/ul><p><br \/>Poker oferuje nieko\u0144cz\u0105c\u0105 si\u0119 nauk\u0119 i mo\u017cliwo\u015b\u0107 ci\u0105g\u0142ego doskonalenia si\u0119. Niezale\u017cnie od tego, czy grasz online czy na \u017cywo, korzystanie z w\u0142a\u015bciwych strategii i dostosowywanie si\u0119 do przeciwnik\u00f3w s\u0105 kluczowe dla Twojego sukcesu.<\/p><p><strong>Tendencje i zmiany w zachowaniu graczy:<\/strong> Naucz si\u0119 rozpoznawa\u0107 schematy w grze przeciwnik\u00f3w i dostosuj odpowiednio swoj\u0105 strategi\u0119.<\/p>\t\t\t\t\t\t\t\t<\/div>\n\t\t\t\t<\/div>\n\t\t\t\t\t<\/div>\n\t\t\t\t<\/div>\n\t\t\t\t<\/div>","protected":false},"excerpt":{"rendered":"<p>Browserzocken Casino Poker DIE ULTIMATIVE ANLEITUNG F\u00dcR ONLINE-POKER: REGELN, HANDWERTE UND STRATEGIEN Willkommen auf der Seite, die ganz dem faszinierenden Spiel Poker gewidmet ist, einem Spiel, das nicht nur auf Gl\u00fcck basiert, sondern auch auf tiefgreifenden strategischen Einsichten. Poker ist eines der beliebtesten Kartenspiele der Welt und kennt viele Varianten, wie Texas Hold&#8217;em, Omaha, und [&hellip;]<\/p>\n","protected":false},"author":1,"featured_media":0,"parent":0,"menu_order":0,"comment_status":"closed","ping_status":"closed","template":"","meta":{"footnotes":""},"class_list":["post-118","page","type-page","status-publish","hentry"],"_links":{"self":[{"href":"https:\/\/browserzocken.de\/pl\/wp-json\/wp\/v2\/pages\/118","targetHints":{"allow":["GET"]}}],"collection":[{"href":"https:\/\/browserzocken.de\/pl\/wp-json\/wp\/v2\/pages"}],"about":[{"href":"https:\/\/browserzocken.de\/pl\/wp-json\/wp\/v2\/types\/page"}],"author":[{"embeddable":true,"href":"https:\/\/browserzocken.de\/pl\/wp-json\/wp\/v2\/users\/1"}],"replies":[{"embeddable":true,"href":"https:\/\/browserzocken.de\/pl\/wp-json\/wp\/v2\/comments?post=118"}],"version-history":[{"count":16,"href":"https:\/\/browserzocken.de\/pl\/wp-json\/wp\/v2\/pages\/118\/revisions"}],"predecessor-version":[{"id":295,"href":"https:\/\/browserzocken.de\/pl\/wp-json\/wp\/v2\/pages\/118\/revisions\/295"}],"wp:attachment":[{"href":"https:\/\/browserzocken.de\/pl\/wp-json\/wp\/v2\/media?parent=118"}],"curies":[{"name":"wp","href":"https:\/\/api.w.org\/{rel}","templated":true}]}}