{"id":113,"date":"2024-02-21T12:21:02","date_gmt":"2024-02-21T11:21:02","guid":{"rendered":"https:\/\/browserzocken.de\/?page_id=113"},"modified":"2024-02-22T11:31:19","modified_gmt":"2024-02-22T10:31:19","slug":"black-jack","status":"publish","type":"page","link":"https:\/\/browserzocken.de\/pl\/maczuga\/","title":{"rendered":"Czarny Jack"},"content":{"rendered":"<div data-elementor-type=\"wp-page\" data-elementor-id=\"113\" class=\"elementor elementor-113\" data-elementor-post-type=\"page\">\n\t\t\t\t<div class=\"elementor-element elementor-element-676a46f e-flex e-con-boxed e-con e-parent\" data-id=\"676a46f\" data-element_type=\"container\" data-e-type=\"container\">\n\t\t\t\t\t<div class=\"e-con-inner\">\n\t\t\t\t<div class=\"elementor-element elementor-element-3850160 elementor-widget elementor-widget-text-editor\" data-id=\"3850160\" data-element_type=\"widget\" data-e-type=\"widget\" data-widget_type=\"text-editor.default\">\n\t\t\t\t<div class=\"elementor-widget-container\">\n\t\t\t\t\t\t\t\t\t<h2>Kasyno z grami przegl\u0105darkowymi \u2013 Black Jack<\/h2>\t\t\t\t\t\t\t\t<\/div>\n\t\t\t\t<\/div>\n\t\t\t\t\t<\/div>\n\t\t\t\t<\/div>\n\t\t<div class=\"elementor-element elementor-element-9673609 e-flex e-con-boxed e-con e-parent\" data-id=\"9673609\" data-element_type=\"container\" data-e-type=\"container\">\n\t\t\t\t\t<div class=\"e-con-inner\">\n\t\t\t\t<div class=\"elementor-element elementor-element-5dad5d0 elementor-widget elementor-widget-text-editor\" data-id=\"5dad5d0\" data-element_type=\"widget\" data-e-type=\"widget\" data-widget_type=\"text-editor.default\">\n\t\t\t\t<div class=\"elementor-widget-container\">\n\t\t\t\t\t\t\t\t\t<h2>KOMPLETNY PRZEWODNIK PO BLACKJACKU: OD PODSTAWOWYCH ZASAD DO ZAAWANSOWANYCH STRATEGII<\/h2><p>Witamy na stronie po\u015bwi\u0119conej wci\u0105gaj\u0105cej grze Blackjack, jednej z najpopularniejszych gier karcianych w kasynach na ca\u0142ym \u015bwiecie. Blackjack, znany r\u00f3wnie\u017c jako 21, \u0142\u0105czy w sobie szcz\u0119\u015bcie ze strategicznym my\u015bleniem, dzi\u0119ki czemu jest przyst\u0119pny i stanowi wyzwanie zar\u00f3wno dla pocz\u0105tkuj\u0105cych, jak i do\u015bwiadczonych graczy. W tym przewodniku przedstawimy Ci podstawowe zasady gry i najbardziej zaawansowane taktyki stosowane przez profesjonalist\u00f3w.<\/p><h2>PODSTAWOWE ZASADY BLACKJACKA<\/h2><p>Cel gry w blackjacka jest prosty: pokona\u0107 krupiera, uzyskuj\u0105c warto\u015b\u0107 r\u0119ki bli\u017csz\u0105 21 ni\u017c warto\u015b\u0107 r\u0119ki krupiera, ale nie przekraczaj\u0105c 21. Ka\u017cdy gracz otrzymuje dwie karty i mo\u017ce zdecydowa\u0107, czy wzi\u0105\u0107 wi\u0119cej kart (hit), czy spasowa\u0107 (stand), aby zoptymalizowa\u0107 warto\u015b\u0107 swojej r\u0119ki. Krupier post\u0119puje wed\u0142ug ustalonych zasad, kt\u00f3re zazwyczaj obejmuj\u0105 dobieranie kart a\u017c do \u201emi\u0119kkiej\u201d 17.<\/p><h2>WARTO\u015aCI KART:<\/h2><ul><li>Karty liczbowe licz\u0105 si\u0119 wed\u0142ug ich warto\u015bci liczbowej.<\/li><li>Karty z figurami (Walet, Dama, Kr\u00f3l) licz\u0105 si\u0119 po 10.<\/li><li>Asy mog\u0105 by\u0107 liczone jako 1 lub 11, w zale\u017cno\u015bci od tego, co jest korzystniejsze dla r\u0119ki.<\/li><\/ul><h2>POPULARNE TAKTYKI DLA POCZ\u0104TKUJ\u0104CYCH<\/h2><ul><li><p><strong>podstawowa strategia<\/strong>:Jest to zoptymalizowana matematycznie strategia, kt\u00f3ra podpowiada, kiedy dobiera\u0107 karty, sta\u0107, podwoi\u0107, rozdzieli\u0107 karty czy spasowa\u0107, na podstawie posiadanych kart i kart krupiera. Zastosowanie podstawowej strategii zmniejsza przewag\u0119 kasyna do mniej ni\u017c 1\/2.<\/p><\/li><li><p><strong>Podw\u00f3jnie<\/strong>:Dobr\u0105 zasad\u0105 dla pocz\u0105tkuj\u0105cych jest podwajanie, gdy masz w sumie 10 lub 11 punkt\u00f3w, a krupier pokazuje ni\u017csz\u0105 kart\u0119.<\/p><\/li><li><p><strong>Podzia\u0142<\/strong>:Zawsze rozdzielaj asy i \u00f3semki. Unikaj dzielenia dziesi\u0105tek i kart z figurami, poniewa\u017c uk\u0142ad sk\u0142adaj\u0105cy si\u0119 z 20 kart jest ju\u017c mocn\u0105 r\u0119k\u0105.<\/p><\/li><\/ul><h2>STRATEGIE DLA ZAAWANSOWANYCH GRACZY<\/h2><ul><li><p><strong>liczenie kart<\/strong>:Cho\u0107 wymaga to wi\u0119cej praktyki, liczenie kart mo\u017ce da\u0107 graczom przewag\u0119 nad kasynem. Chodzi o to, aby \u015bledzi\u0107 zagrane karty i okre\u015bli\u0107, czy pozosta\u0142e karty w talii s\u0105 korzystne dla gracza czy krupiera.<\/p><\/li><li><p><strong>Obserwowanie odkrytej karty krupiera<\/strong>:Zaawansowani gracze opieraj\u0105 swoje dzia\u0142ania nie tylko na w\u0142asnych kartach, ale tak\u017ce uwa\u017cnie obserwuj\u0105 odkryte karty krupiera i odpowiednio dostosowuj\u0105 swoj\u0105 strategi\u0119.<\/p><\/li><\/ul><h2>TAKTYKA DLA BARDZO DO\u015aWIADCZONYCH GRACZY<\/h2><ul><li><p><strong>Gra zespo\u0142owa\/Zespo\u0142y licz\u0105ce karty<\/strong>:Bardzo do\u015bwiadczeni gracze czasami pracuj\u0105 w zespo\u0142ach, aby roz\u0142o\u017cy\u0107 liczenie kart na r\u00f3\u017cne sto\u0142y, dzi\u0119ki czemu s\u0105 mniej widoczni dla kasyna i zwi\u0119kszaj\u0105 swoje szanse na wygran\u0105.<\/p><\/li><li><p><strong>\u015aledzenie tasowania<\/strong>:Zaawansowana technika, w kt\u00f3rej gracz stara si\u0119 \u015bledzi\u0107, gdzie znajduj\u0105 si\u0119 okre\u015blone karty lub grupy kart podczas tasowania, aby zwi\u0119kszy\u0107 szanse na wygran\u0105.<\/p><\/li><li><p><strong>Sekwencjonowanie as\u00f3w<\/strong>:Gracze pr\u00f3buj\u0105 przewidzie\u0107, kiedy zostanie zagrany as. Wymaga to wyj\u0105tkowej pami\u0119ci i umiej\u0119tno\u015bci \u015bledzenia kolejno\u015bci tasowania kart.<\/p><\/li><\/ul><h2>KO\u0143COWE WNIOSKI NA TEMAT GRY W BLACKJACKA ONLINE<\/h2><p>Blackjack to gra, w kt\u00f3rej wa\u017cn\u0105 rol\u0119 odgrywaj\u0105 zar\u00f3wno szcz\u0119\u015bcie, jak i umiej\u0119tno\u015bci. Dla pocz\u0105tkuj\u0105cych strategia podstawowa oferuje solidne podstawy. W miar\u0119 jak gracze zdobywaj\u0105 do\u015bwiadczenie, mog\u0105 eksperymentowa\u0107 z bardziej zaawansowanymi taktykami, np. liczeniem kart. Dla bardzo do\u015bwiadczonych graczy istniej\u0105 techniki, takie jak \u015bledzenie tasowania i sekwencjonowanie as\u00f3w, kt\u00f3re wymagaj\u0105 g\u0142\u0119bokiej znajomo\u015bci gry. Pami\u0119taj, \u017ce najwa\u017cniejszy jest dobry humor i odpowiedzialna gra. Dzi\u0119ki odpowiedniej strategii i odrobinie praktyki mo\u017cesz znacznie zwi\u0119kszy\u0107 swoje szanse na wygran\u0105 w blackjacka.<\/p>\t\t\t\t\t\t\t\t<\/div>\n\t\t\t\t<\/div>\n\t\t\t\t\t<\/div>\n\t\t\t\t<\/div>\n\t\t\t\t<\/div>","protected":false},"excerpt":{"rendered":"<p>Browserzocken Casino &#8211; Black Jack DIE ULTIMATIVE ANLEITUNG F\u00dcR BLACKJACK: VON BASISREGELN BIS ZU FORTGESCHRITTENEN STRATEGIEN Willkommen auf der Seite, die ganz dem fesselnden Spiel Blackjack gewidmet ist, einem der beliebtesten Kartenspiele in Casinos weltweit. Blackjack, auch bekannt als 21, kombiniert Gl\u00fcck mit strategischem Denken, was es sowohl f\u00fcr Anf\u00e4nger als auch f\u00fcr erfahrene Spieler [&hellip;]<\/p>\n","protected":false},"author":1,"featured_media":0,"parent":0,"menu_order":0,"comment_status":"closed","ping_status":"closed","template":"","meta":{"footnotes":""},"class_list":["post-113","page","type-page","status-publish","hentry"],"_links":{"self":[{"href":"https:\/\/browserzocken.de\/pl\/wp-json\/wp\/v2\/pages\/113","targetHints":{"allow":["GET"]}}],"collection":[{"href":"https:\/\/browserzocken.de\/pl\/wp-json\/wp\/v2\/pages"}],"about":[{"href":"https:\/\/browserzocken.de\/pl\/wp-json\/wp\/v2\/types\/page"}],"author":[{"embeddable":true,"href":"https:\/\/browserzocken.de\/pl\/wp-json\/wp\/v2\/users\/1"}],"replies":[{"embeddable":true,"href":"https:\/\/browserzocken.de\/pl\/wp-json\/wp\/v2\/comments?post=113"}],"version-history":[{"count":10,"href":"https:\/\/browserzocken.de\/pl\/wp-json\/wp\/v2\/pages\/113\/revisions"}],"predecessor-version":[{"id":305,"href":"https:\/\/browserzocken.de\/pl\/wp-json\/wp\/v2\/pages\/113\/revisions\/305"}],"wp:attachment":[{"href":"https:\/\/browserzocken.de\/pl\/wp-json\/wp\/v2\/media?parent=113"}],"curies":[{"name":"wp","href":"https:\/\/api.w.org\/{rel}","templated":true}]}}