{"id":108,"date":"2024-02-21T12:20:33","date_gmt":"2024-02-21T11:20:33","guid":{"rendered":"https:\/\/browserzocken.de\/?page_id=108"},"modified":"2024-02-22T11:18:23","modified_gmt":"2024-02-22T10:18:23","slug":"roulette","status":"publish","type":"page","link":"https:\/\/browserzocken.de\/pl\/ruletka\/","title":{"rendered":"ruletka"},"content":{"rendered":"<div data-elementor-type=\"wp-page\" data-elementor-id=\"108\" class=\"elementor elementor-108\" data-elementor-post-type=\"page\">\n\t\t\t\t<div class=\"elementor-element elementor-element-c50ea05 e-flex e-con-boxed e-con e-parent\" data-id=\"c50ea05\" data-element_type=\"container\" data-e-type=\"container\">\n\t\t\t\t\t<div class=\"e-con-inner\">\n\t\t\t\t<div class=\"elementor-element elementor-element-4e071a3 elementor-widget elementor-widget-text-editor\" data-id=\"4e071a3\" data-element_type=\"widget\" data-e-type=\"widget\" data-widget_type=\"text-editor.default\">\n\t\t\t\t<div class=\"elementor-widget-container\">\n\t\t\t\t\t\t\t\t\t<h2>Kasyno z grami przegl\u0105darkowymi \u2013 Ruletka<\/h2>\t\t\t\t\t\t\t\t<\/div>\n\t\t\t\t<\/div>\n\t\t\t\t\t<\/div>\n\t\t\t\t<\/div>\n\t\t<div class=\"elementor-element elementor-element-f83a9eb e-flex e-con-boxed e-con e-parent\" data-id=\"f83a9eb\" data-element_type=\"container\" data-e-type=\"container\">\n\t\t\t\t\t<div class=\"e-con-inner\">\n\t\t\t\t<div class=\"elementor-element elementor-element-4979485 elementor-widget elementor-widget-text-editor\" data-id=\"4979485\" data-element_type=\"widget\" data-e-type=\"widget\" data-widget_type=\"text-editor.default\">\n\t\t\t\t<div class=\"elementor-widget-container\">\n\t\t\t\t\t\t\t\t\t<h2>ODKRYJ EKSCYTUJ\u0104CY \u015aWIAT RULETKI ONLINE: WARIANTY, ZASADY GRY I STRATEGIE<\/h2><p>Witamy na stronie po\u015bwi\u0119conej grom przegl\u0105darkowym, po\u015bwi\u0119conej kultowej grze kasynowej, jak\u0105 jest ruletka. Ruletka, ze swoj\u0105 bogat\u0105 histori\u0105 i prostym, a zarazem eleganckim mechanizmem gry, pozostaje ulubion\u0105 gr\u0105 w\u015br\u00f3d bywalc\u00f3w kasyn na ca\u0142ym \u015bwiecie. W tym przewodniku przyjrzymy si\u0119 bli\u017cej r\u00f3\u017cnym odmianom ruletki, om\u00f3wimy podstawowe zasady i ujawnimy niekt\u00f3re z najpopularniejszych strategii, z kt\u00f3rych korzystaj\u0105 gracze, aby zwi\u0119kszy\u0107 swoje szanse na wygran\u0105.<\/p><h2>WARIANTY RULETKI<\/h2><p>Istnieje wiele r\u00f3\u017cnych odmian ruletki, z kt\u00f3rych ka\u017cda ma swoje w\u0142asne, unikalne zasady i styl gry. Trzy najcz\u0119stsze warianty to:<\/p><p>Ruletka Europejska: Ruletka Europejska charakteryzuje si\u0119 ko\u0142em z 37 kieszeniami, ponumerowanymi od 0 do 36. Obecno\u015b\u0107 tylko jednego zera obni\u017ca przewag\u0119 kasyna do 2,71%, co czyni j\u0105 popularnym wyborem w\u015br\u00f3d graczy.<\/p><p>Ruletka ameryka\u0144ska: W przeciwie\u0144stwie do odmiany europejskiej, ko\u0142o ruletki ameryka\u0144skiej posiada dodatkow\u0105 przegr\u00f3dk\u0119: podw\u00f3jne zero (00). Zwi\u0119ksza to ca\u0142kowit\u0105 liczb\u0119 kieszeni do 38 i przewag\u0119 kasyna do 5,26%, co sprawia, \u017ce gra staje si\u0119 wi\u0119kszym wyzwaniem dla graczy.<\/p><p>Ruletka francuska: Bardzo podobna do ruletki europejskiej, ale z dwiema wa\u017cnymi zasadami korzystnymi dla gracza: \u201eLa Partage\u201d i \u201eEn Prison\u201d. Obie zasady zmniejszaj\u0105 przewag\u0119 kasyna w zak\u0142adach o r\u00f3wnych szansach do zaledwie 1,35%.<\/p><h2>PODSTAWOWE ZASADY RULETKI<\/h2><p>Cel ruletki jest prosty: przewidzie\u0107, na jakim numerze zatrzyma si\u0119 kulka po wrzuceniu jej do wiruj\u0105cego ko\u0142a. Gracze obstawiaj\u0105 konkretn\u0105 liczb\u0119, zakres liczb, kolor czerwony lub czarny albo to, czy liczba jest parzysta, czy nieparzysta.<\/p><p>Po obstawieniu zak\u0142ad\u00f3w krupier kr\u0119ci ko\u0142em i rzuca kulk\u0119. Gdy ko\u0142o si\u0119 zatrzyma i kulka wyl\u0105duje w jednej z przegr\u00f3dek, wygrane s\u0105 wyp\u0142acane graczom, kt\u00f3rzy prawid\u0142owo przewidzieli, gdzie wyl\u0105duje kulka.<\/p><h2>POPULARNE STRATEGIE RULETKI<\/h2><p>Chocia\u017c ruletka jest przede wszystkim gr\u0105 losow\u0105, wielu graczy stosuje strategie maj\u0105ce na celu zwi\u0119kszenie szans na wygran\u0105. Oto kilka najpopularniejszych taktyk:<\/p><ul><li><strong>System Martingale\u2019a:<\/strong> Strategia ta polega na podwajaniu zak\u0142adu po ka\u017cdej przegranej, a jej celem jest odzyskanie wszystkich strat i osi\u0105gni\u0119cie ma\u0142ego zysku w przypadku wygranej. Istnieje ryzyko, \u017ce d\u0142uga seria przegranych mo\u017ce szybko doprowadzi\u0107 do osi\u0105gni\u0119cia limitu sto\u0142u.<br \/><br \/><\/li><li><strong>System Fibonacciego:<\/strong> Na podstawie s\u0142ynnego ci\u0105gu liczb Fibonacciego zwi\u0119kszasz sw\u00f3j zak\u0142ad zgodnie z tym ci\u0105giem po ka\u017cdej przegranej. Je\u015bli wygrasz, cofnij si\u0119 o dwa kroki w sekwencji. System ten jest mniej agresywny ni\u017c Martingale i opiera si\u0119 na pr\u00f3bie odrobienia strat w d\u0142u\u017cszym okresie czasu.<br \/><br \/><\/li><li><strong>System d&#039;Alemberta:<\/strong> Stosuj\u0105c t\u0119 metod\u0119, zwi\u0119kszasz sw\u00f3j zak\u0142ad o jedn\u0105 jednostk\u0119 po przegranej i zmniejszasz go o jedn\u0105 jednostk\u0119 po wygranej. Chodzi o to, \u017ce ostatecznie odniesiesz tyle samo zwyci\u0119stw, co pora\u017cek, co teoretycznie w d\u0142u\u017cszej perspektywie oznacza remis.<br \/><br \/><\/li><li><strong>Strategia Jamesa Bonda:<\/strong> Ta nieprogresywna strategia obstawiania wymaga sta\u0142ego rozmieszczenia zak\u0142ad\u00f3w na konkretnych liczbach i zakresach w celu zmaksymalizowania pokrycia ko\u0142a. To zabawna, ale ryzykowna strategia, kt\u00f3ra niekoniecznie zmniejsza przewag\u0119 kasyna.<\/li><\/ul><p>\u00a0<\/p><h2>SZANS NA WYGRAN\u0104 I PRZEWAGA KASJERA<\/h2><p>Ka\u017cda strategia gry w ruletk\u0119 niesie ze sob\u0105 ryzyko i potencjalne korzy\u015bci. Wa\u017cne jest, aby pami\u0119ta\u0107, \u017ce \u017cadna strategia nie jest w stanie wyeliminowa\u0107 przewagi kasyna. W ruletce europejskiej przewaga kasyna wynosi 2,7%, podczas gdy w ruletce ameryka\u0144skiej wzrasta do 5,26% ze wzgl\u0119du na dodatkowe dwa zera. Ruletka francuska oferuje graczowi najlepsze szanse, poniewa\u017c przewaga kasyna wynosi zaledwie 1,35% przy zak\u0142adach o r\u00f3wnych szansach, dzi\u0119ki zasadom \u201eLa Partage\u201d i \u201eEn Prison\u201d.<\/p><h2>OSTATNIE S\u0141OWO O RULETCE<\/h2><p>Ruletka pozostaje jedn\u0105 z najbardziej wci\u0105gaj\u0105cych i dost\u0119pnych gier kasynowych. Niezale\u017cnie od tego, czy wolisz wersj\u0119 europejsk\u0105, ameryka\u0144sk\u0105 czy francusk\u0105, zrozumienie podstawowych zasad i wypr\u00f3bowanie r\u00f3\u017cnych strategii mo\u017ce wzbogaci\u0107 Twoje wra\u017cenia z gry. Pami\u0119taj, \u017ce ruletka jest w zasadzie gr\u0105 losow\u0105 i \u017cadna strategia nie daje gwarancji wygranej. Najwa\u017cniejsze jest, aby gra\u0107 odpowiedzialnie, zarz\u0105dza\u0107 swoim bud\u017cetem i, co najwa\u017cniejsze, czerpa\u0107 przyjemno\u015b\u0107 z emocji i zabawy, jakie oferuje ruletka.<\/p><p>Zanurz si\u0119 w \u015bwiecie ruletki online i odkryj, dlaczego ta ponadczasowa gra fascynuje graczy od wiek\u00f3w. Mi\u0142ej zabawy!<\/p>\t\t\t\t\t\t\t\t<\/div>\n\t\t\t\t<\/div>\n\t\t\t\t\t<\/div>\n\t\t\t\t<\/div>\n\t\t\t\t<\/div>","protected":false},"excerpt":{"rendered":"<p>Browserzocken Casino &#8211; Roulette ENTDECKE DIE SPANNENDE WELT DES ONLINE-ROULETTES: VARIANTEN, SPIELREGELN UND STRATEGIEN Willkommen auf der Browserzocken-Seite, die ganz dem ikonischen Casinospiel Roulette gewidmet ist. Roulette, mit seiner reichen Geschichte und dem einfachen, aber eleganten Spielmechanismus, bleibt ein Favorit unter Casinobesuchern weltweit. In dieser Anleitung tauchen wir in die verschiedenen Varianten von Roulette ein, [&hellip;]<\/p>\n","protected":false},"author":1,"featured_media":0,"parent":0,"menu_order":0,"comment_status":"closed","ping_status":"closed","template":"","meta":{"footnotes":""},"class_list":["post-108","page","type-page","status-publish","hentry"],"_links":{"self":[{"href":"https:\/\/browserzocken.de\/pl\/wp-json\/wp\/v2\/pages\/108","targetHints":{"allow":["GET"]}}],"collection":[{"href":"https:\/\/browserzocken.de\/pl\/wp-json\/wp\/v2\/pages"}],"about":[{"href":"https:\/\/browserzocken.de\/pl\/wp-json\/wp\/v2\/types\/page"}],"author":[{"embeddable":true,"href":"https:\/\/browserzocken.de\/pl\/wp-json\/wp\/v2\/users\/1"}],"replies":[{"embeddable":true,"href":"https:\/\/browserzocken.de\/pl\/wp-json\/wp\/v2\/comments?post=108"}],"version-history":[{"count":16,"href":"https:\/\/browserzocken.de\/pl\/wp-json\/wp\/v2\/pages\/108\/revisions"}],"predecessor-version":[{"id":281,"href":"https:\/\/browserzocken.de\/pl\/wp-json\/wp\/v2\/pages\/108\/revisions\/281"}],"wp:attachment":[{"href":"https:\/\/browserzocken.de\/pl\/wp-json\/wp\/v2\/media?parent=108"}],"curies":[{"name":"wp","href":"https:\/\/api.w.org\/{rel}","templated":true}]}}