{"id":100,"date":"2024-02-21T12:19:04","date_gmt":"2024-02-21T11:19:04","guid":{"rendered":"https:\/\/browserzocken.de\/?page_id=100"},"modified":"2025-04-30T22:26:10","modified_gmt":"2025-04-30T20:26:10","slug":"slots","status":"publish","type":"page","link":"https:\/\/browserzocken.de\/pl\/sloty\/","title":{"rendered":"sloty"},"content":{"rendered":"<div data-elementor-type=\"wp-page\" data-elementor-id=\"100\" class=\"elementor elementor-100\" data-elementor-post-type=\"page\">\n\t\t\t\t<div class=\"elementor-element elementor-element-57aa80e e-flex e-con-boxed e-con e-parent\" data-id=\"57aa80e\" data-element_type=\"container\" data-e-type=\"container\">\n\t\t\t\t\t<div class=\"e-con-inner\">\n\t\t\t\t<div class=\"elementor-element elementor-element-826690b elementor-widget elementor-widget-heading\" data-id=\"826690b\" data-element_type=\"widget\" data-e-type=\"widget\" data-widget_type=\"heading.default\">\n\t\t\t\t<div class=\"elementor-widget-container\">\n\t\t\t\t\t<h2 class=\"elementor-heading-title elementor-size-default\">Kasyno Browserzocker - Sloty<\/h2>\t\t\t\t<\/div>\n\t\t\t\t<\/div>\n\t\t\t\t\t<\/div>\n\t\t\t\t<\/div>\n\t\t<div class=\"elementor-element elementor-element-49b9092 e-flex e-con-boxed e-con e-parent\" data-id=\"49b9092\" data-element_type=\"container\" data-e-type=\"container\">\n\t\t\t\t\t<div class=\"e-con-inner\">\n\t\t\t\t<div class=\"elementor-element elementor-element-c602ccd elementor-widget elementor-widget-text-editor\" data-id=\"c602ccd\" data-element_type=\"widget\" data-e-type=\"widget\" data-widget_type=\"text-editor.default\">\n\t\t\t\t<div class=\"elementor-widget-container\">\n\t\t\t\t\t\t\t\t\t<h2>Odkryj \u015bwiat automat\u00f3w online: przewodnik po najlepszych wra\u017ceniach z gry<\/h2><p>Witamy na stronie w ca\u0142o\u015bci po\u015bwi\u0119conej ekscytuj\u0105cemu \u015bwiatu slot\u00f3w online. W tym kompleksowym przewodniku przyjrzymy si\u0119 bli\u017cej r\u00f3\u017cnym rodzajom slot\u00f3w, jakie mo\u017cna znale\u017a\u0107 w cyfrowych salonach kasyn online. Od klasycznych automat\u00f3w do gry po najbardziej zaawansowane wideosloty z dynamiczn\u0105 rozgrywk\u0105 i osza\u0142amiaj\u0105cymi jackpotami \u2013 tutaj znajdziesz wszystko, co musisz wiedzie\u0107, aby rozpocz\u0105\u0107 swoj\u0105 przygod\u0119 ze slotami.<\/p><h2>Magia automat\u00f3w online<\/h2><p>Automaty online, czyli cyfrowa wersja tradycyjnych automat\u00f3w do gry, stanowi\u0105 podstaw\u0119 ka\u017cdego kasyna online. Ich popularno\u015b\u0107 jest niezr\u00f3wnana, i nie bez powodu. Gry te oferuj\u0105 wyj\u0105tkowe po\u0142\u0105czenie prostych zasad, anga\u017cuj\u0105cej tematyki i szansy na wygranie kwot, kt\u00f3re mog\u0105 odmieni\u0107 Twoje \u017cycie. Ale co w\u0142a\u015bciwie sprawia, \u017ce automaty do gry online s\u0105 tak wyj\u0105tkowe?<\/p><h2>rodzaje slot\u00f3w online<\/h2><p>Zanim przejdziemy do szczeg\u00f3\u0142\u00f3w, przyjrzyjmy si\u0119 najpierw r\u00f3\u017cnym typom slot\u00f3w, na jakie natkniesz si\u0119 podczas poszukiwa\u0144 idealnej gry.<\/p><h3>Klasyczne sloty:<strong><br \/><\/strong><\/h3><p>Tego typu automaty do gry s\u0105 cyfrow\u0105 wersj\u0105 tradycyjnych automat\u00f3w do gry. Zazwyczaj maj\u0105 trzy b\u0119bny i proste zasady, przez co idealnie nadaj\u0105 si\u0119 dla pocz\u0105tkuj\u0105cych i mi\u0142o\u015bnik\u00f3w nostalgii.<\/p><h3>Sloty wideo:<strong><br \/><\/strong><\/h3><p>Wideosloty s\u0105 najpopularniejszym rodzajem slot\u00f3w online. Maj\u0105 pi\u0119\u0107 lub wi\u0119cej b\u0119bn\u00f3w, niezliczon\u0105 liczb\u0119 linii wyp\u0142at i cz\u0119sto s\u0105 wype\u0142nione funkcjami bonusowymi, symbolami specjalnymi i interaktywnymi mini-grami.<\/p><h3>Automaty z progresywnym jackpotem:<strong><br \/><\/strong><\/h3><p>Te sloty s\u0105 po\u0142\u0105czone w sie\u0107 gier, a cz\u0119\u015b\u0107 ka\u017cdego zak\u0142adu trafia do wsp\u00f3lnej puli nagr\u00f3d. Te jackpoty mog\u0105 si\u0119ga\u0107 nawet milion\u00f3w euro i cz\u0119sto s\u0105 marzeniem ka\u017cdego mi\u0142o\u015bnika slot\u00f3w.<\/p><h3>Sloty Megaways:<\/h3><p>Stosunkowo nowa koncepcja, w kt\u00f3rej liczba linii wyp\u0142at zmienia si\u0119 przy ka\u017cdym obrocie, co daje tysi\u0105ce mo\u017cliwo\u015bci wygranej.<\/p><h3>Sloty 3D:<strong><br \/><\/strong><\/h3><p>Tego typu gry oferuj\u0105 g\u0142\u0119bsze doznania dzi\u0119ki wykorzystaniu zaawansowanych technologii graficznych i stworzeniu wra\u017cenia tr\u00f3jwymiarowo\u015bci.<\/p><h2>Popularne sloty online<\/h2><p>Teraz, gdy znasz ju\u017c r\u00f3\u017cne rodzaje slot\u00f3w, przyjrzyjmy si\u0119 najpopularniejszym grom oferowanym przez \u015bwiat kasyn online.<\/p><h3>Mega Moolah:<\/h3><p>Mega Moolah, znane z ogromnych progresywnych jackpot\u00f3w, sprawi\u0142o, \u017ce wielu graczy sta\u0142o si\u0119 milionerami.<\/p><h3>Wybuch gwiazdy:<strong><br \/><\/strong><\/h3><p>Dzi\u0119ki prostej rozgrywce i \u017cywej grafice Starburst jest ulubion\u0105 gr\u0105 zar\u00f3wno pocz\u0105tkuj\u0105cych, jak i do\u015bwiadczonych graczy.<\/p><h3>Zadanie Gonzo:<strong><br \/><\/strong><\/h3><p>Ta pe\u0142na przyg\u00f3d gra zabiera graczy na poszukiwanie zaginionego skarbu, a zamiast tradycyjnych wiruj\u0105cych b\u0119bn\u00f3w zastosowano innowacyjne spadaj\u0105ce b\u0119bny.<\/p><h3>Ksi\u0119ga Ra:<strong><br \/><\/strong><\/h3><p>Automat o tematyce staro\u017cytnego Egiptu, kt\u00f3ry zabiera graczy w podr\u00f3\u017c pe\u0142n\u0105 tajemnic i emocji.<\/p><h3>Bonanza Megaways:<strong><br \/><\/strong><\/h3><p>Dzi\u0119ki dynamicznej funkcji Megaways, Bonanza oferuje graczom dziesi\u0105tki tysi\u0119cy sposob\u00f3w na wygran\u0105 przy ka\u017cdym obrocie.<\/p><p>Ka\u017cda z tych gier oferuje niepowtarzalne wra\u017cenia dzi\u0119ki w\u0142asnej tematyce, funkcjom bonusowym i potencja\u0142owi wygranych. Warto wypr\u00f3bowa\u0107 je wszystkie i znale\u017a\u0107 sw\u00f3j ulubiony.<\/p><h2>Dlaczego warto gra\u0107 w sloty online?<\/h2><p>Granie w sloty online oferuje szereg zalet, kt\u00f3rych nie ma w tradycyjnych kasynach. Po pierwsze, istnieje mo\u017cliwo\u015b\u0107 grania w domu lub w podr\u00f3\u017cy za po\u015brednictwem urz\u0105dzenia mobilnego. Ponadto kasyna online cz\u0119sto oferuj\u0105 znacznie wi\u0119kszy wyb\u00f3r gier ni\u017c kasyna stacjonarne. Istniej\u0105 r\u00f3wnie\u017c bonusy i promocje skierowane specjalnie do graczy slot\u00f3w, kt\u00f3re mog\u0105 znacznie wyd\u0142u\u017cy\u0107 czas gry i zwi\u0119kszy\u0107 szanse na wygran\u0105.<br \/><br \/>Niekt\u00f3re platformy oferuj\u0105 r\u00f3wnie\u017c wyj\u0105tkowo przyjazne u\u017cytkownikowi \u015brodowiska gier z r\u00f3\u017cnorodnymi tytu\u0142ami slot\u00f3w \u2013 takie jak te, kt\u00f3re mo\u017cna znale\u017a\u0107 na <a href=\"https:\/\/crocoslots.de\/\" target=\"_blank\" rel=\"noopener\">krokodyle.pl<\/a> znaleziska.<br \/><br \/><\/p><h3>Wskaz\u00f3wki dotycz\u0105ce gry w sloty online<\/h3><p>Zanim zaczniesz gra\u0107, zapoznaj si\u0119 z kilkoma wskaz\u00f3wkami, kt\u00f3re pomog\u0105 Ci zoptymalizowa\u0107 wra\u017cenia z gry:<\/p><h3>Zrozum zasady gry:<strong><br \/><\/strong><\/h3><p>Ka\u017cda gra slotowa ma swoje w\u0142asne zasady i tabele wyp\u0142at. Zanim zaczniesz gra\u0107, po\u015bwi\u0119\u0107 chwil\u0119 na zrozumienie tych zasad.<\/p><h3>Zarz\u0105dzaj swoim kapita\u0142em:<strong><br \/><\/strong><\/h3><p>Ustal bud\u017cet na sesj\u0119 gry i trzymaj si\u0119 go. Wa\u017cne jest, aby gra\u0107 odpowiedzialnie i nie wydawa\u0107 wi\u0119cej, ni\u017c mo\u017cesz sobie pozwoli\u0107.<\/p><h3>U\u017cyj bonus\u00f3w:<\/h3><p>Wiele kasyn online oferuje bonusy specjalnie dla graczy slot\u00f3w. Dzi\u0119ki temu mo\u017cesz wyd\u0142u\u017cy\u0107 czas gry i zwi\u0119kszy\u0107 swoje szanse na wygran\u0105.<\/p><h3>Gry dla zabawy:<\/h3><p>Pami\u0119taj, \u017ce sloty s\u0142u\u017c\u0105 przede wszystkim rozrywce. Skup si\u0119 na dobrej zabawie, a nie tylko na wygrywaniu.<\/p><h2>Zagraj w swoje ulubione sloty ju\u017c dzi\u015b<\/h2><p>Automaty online oferuj\u0105 \u015bwiat rozrywki, emocji i szans\u0119 na du\u017ce wygrane. Niezale\u017cnie od tego, czy kochasz prostot\u0119 klasycznych slot\u00f3w, innowacyjno\u015b\u0107 wideoslot\u00f3w, czy te\u017c marzysz o wygraniu zmieniaj\u0105cej \u017cycie kumulacji, zawsze znajdziesz gr\u0119 slotow\u0105 odpowiadaj\u0105c\u0105 Twoim preferencjom. Zanurz si\u0119 w \u015bwiecie slot\u00f3w online i odkryj nieograniczone mo\u017cliwo\u015bci, kt\u00f3re na Ciebie czekaj\u0105.<\/p><p>Kontynuuj przegl\u0105danie naszej witryny, aby dowiedzie\u0107 si\u0119 wi\u0119cej o konkretnych grach, strategiach i wskaz\u00f3wkach, kt\u00f3re pomog\u0105 Ci w pe\u0142ni cieszy\u0107 si\u0119 gr\u0105 na automatach online. Mi\u0142ej zabawy!<\/p>\t\t\t\t\t\t\t\t<\/div>\n\t\t\t\t<\/div>\n\t\t\t\t\t<\/div>\n\t\t\t\t<\/div>\n\t\t\t\t<\/div>","protected":false},"excerpt":{"rendered":"<p>Browserzocker Casino &#8211; Slots Entdecke die Welt der Online-Slots: Ein Leitfaden f\u00fcr das ultimative Spielerlebnis Willkommen auf der Seite, die vollst\u00e4ndig der aufregenden Welt der Online-Slots gewidmet ist. In diesem umfassenden Leitfaden tauchen wir tief in die verschiedenen Arten von Spielautomaten ein, die du in den digitalen Hallen der Online-Casinos finden kannst. Von klassischen Fruchtmaschinen [&hellip;]<\/p>\n","protected":false},"author":1,"featured_media":0,"parent":0,"menu_order":0,"comment_status":"closed","ping_status":"closed","template":"","meta":{"footnotes":""},"class_list":["post-100","page","type-page","status-publish","hentry"],"_links":{"self":[{"href":"https:\/\/browserzocken.de\/pl\/wp-json\/wp\/v2\/pages\/100","targetHints":{"allow":["GET"]}}],"collection":[{"href":"https:\/\/browserzocken.de\/pl\/wp-json\/wp\/v2\/pages"}],"about":[{"href":"https:\/\/browserzocken.de\/pl\/wp-json\/wp\/v2\/types\/page"}],"author":[{"embeddable":true,"href":"https:\/\/browserzocken.de\/pl\/wp-json\/wp\/v2\/users\/1"}],"replies":[{"embeddable":true,"href":"https:\/\/browserzocken.de\/pl\/wp-json\/wp\/v2\/comments?post=100"}],"version-history":[{"count":18,"href":"https:\/\/browserzocken.de\/pl\/wp-json\/wp\/v2\/pages\/100\/revisions"}],"predecessor-version":[{"id":446,"href":"https:\/\/browserzocken.de\/pl\/wp-json\/wp\/v2\/pages\/100\/revisions\/446"}],"wp:attachment":[{"href":"https:\/\/browserzocken.de\/pl\/wp-json\/wp\/v2\/media?parent=100"}],"curies":[{"name":"wp","href":"https:\/\/api.w.org\/{rel}","templated":true}]}}